{"id":51009,"date":"2019-04-04T18:08:37","date_gmt":"2019-04-04T16:08:37","guid":{"rendered":"https:\/\/www.faeteda.org\/legal-advice\/"},"modified":"2024-10-30T15:58:21","modified_gmt":"2024-10-30T14:58:21","slug":"legal-advice","status":"publish","type":"page","link":"https:\/\/www.faeteda.org\/en\/legal-advice\/","title":{"rendered":"Asesor\u00eda Jur\u00eddica"},"content":{"rendered":"\n<div class=\"wp-block-cover alignfull has-custom-content-position is-position-bottom-left hero inner-container-alignwide\" style=\"padding-top:10px;padding-right:20px;padding-bottom:10px;padding-left:20px;min-height:180px;aspect-ratio:unset;\"><span aria-hidden=\"true\" class=\"wp-block-cover__background has-primary-background-color has-background-dim-100 has-background-dim\"><\/span><div class=\"wp-block-cover__inner-container is-layout-flow wp-block-cover-is-layout-flow\"><h1 class=\"wp-block-post-title has-text-color has-background-color\">Asesor\u00eda Jur\u00eddica<\/h1><\/div><\/div>\n\n\n<div id=\"restricted-content-block_512701b91f39a7b6e55cb0765c0b35f6\" class=\"restricted-content\">\n      <div class=\"row\">\n    <div class=\"small-12 medium-12 columns global-padding\">\n        <h2>Este contenido es exclusivo para socios<\/h2>\n<p>Para acceder a los documentos del \u00e1rea privada, deber\u00e1s iniciar sesi\u00f3n con tu usuario y contrase\u00f1a.<\/p>\n<p>Consulta a tu asociaci\u00f3n por tu claves de acceso.<\/p>\n\n        <button class=\"button add-icon-on-left black hollow\" data-toggle=\"register-off-canvas\">\n            <svg class=\"icon small\" viewBox=\"0 0 60 60\">\n                <use xlink:href=\"#lock\"><\/use>\n            <\/svg> \n            Private Area        <\/button>\n    <\/div>\n<\/div>\n\n<\/div>","protected":false},"excerpt":{"rendered":"","protected":false},"author":2,"featured_media":0,"parent":0,"menu_order":0,"comment_status":"closed","ping_status":"closed","template":"","meta":{"_acf_changed":false,"_editorskit_title_hidden":false,"_editorskit_reading_time":0,"_editorskit_is_block_options_detached":false,"_editorskit_block_options_position":"{}","footnotes":""},"class_list":["post-51009","page","type-page","status-publish","hentry"],"acf":[],"yoast_head":"<!-- This site is optimized with the Yoast SEO plugin v27.4 - https:\/\/yoast.com\/product\/yoast-seo-wordpress\/ -->\n<title>Asesor\u00eda Jur\u00eddica - Faeteda<\/title>\n<meta name=\"robots\" content=\"index, follow, max-snippet:-1, max-image-preview:large, max-video-preview:-1\" \/>\n<link rel=\"canonical\" href=\"https:\/\/www.faeteda.org\/en\/legal-advice\/\" \/>\n<meta property=\"og:locale\" content=\"en_US\" \/>\n<meta property=\"og:type\" content=\"article\" \/>\n<meta property=\"og:title\" content=\"Asesor\u00eda Jur\u00eddica - Faeteda\" \/>\n<meta property=\"og:url\" content=\"https:\/\/www.faeteda.org\/en\/legal-advice\/\" \/>\n<meta property=\"og:site_name\" content=\"Faeteda\" \/>\n<meta property=\"article:modified_time\" content=\"2024-10-30T14:58:21+00:00\" \/>\n<meta name=\"twitter:card\" content=\"summary_large_image\" \/>\n<meta name=\"twitter:label1\" content=\"Est. reading time\" \/>\n\t<meta name=\"twitter:data1\" content=\"25 minutes\" \/>\n<script type=\"application\/ld+json\" class=\"yoast-schema-graph\">{\"@context\":\"https:\\\/\\\/schema.org\",\"@graph\":[{\"@type\":\"WebPage\",\"@id\":\"https:\\\/\\\/www.faeteda.org\\\/en\\\/legal-advice\\\/\",\"url\":\"https:\\\/\\\/www.faeteda.org\\\/en\\\/legal-advice\\\/\",\"name\":\"Asesor\u00eda Jur\u00eddica - Faeteda\",\"isPartOf\":{\"@id\":\"http:\\\/\\\/www.faeteda.org\\\/en\\\/#website\"},\"datePublished\":\"2019-04-04T16:08:37+00:00\",\"dateModified\":\"2024-10-30T14:58:21+00:00\",\"breadcrumb\":{\"@id\":\"https:\\\/\\\/www.faeteda.org\\\/en\\\/legal-advice\\\/#breadcrumb\"},\"inLanguage\":\"en-US\",\"potentialAction\":[{\"@type\":\"ReadAction\",\"target\":[\"https:\\\/\\\/www.faeteda.org\\\/en\\\/legal-advice\\\/\"]}]},{\"@type\":\"BreadcrumbList\",\"@id\":\"https:\\\/\\\/www.faeteda.org\\\/en\\\/legal-advice\\\/#breadcrumb\",\"itemListElement\":[{\"@type\":\"ListItem\",\"position\":1,\"name\":\"Portada\",\"item\":\"https:\\\/\\\/www.faeteda.org\\\/en\\\/portada\\\/\"},{\"@type\":\"ListItem\",\"position\":2,\"name\":\"Asesor\u00eda Jur\u00eddica\"}]},{\"@type\":\"WebSite\",\"@id\":\"http:\\\/\\\/www.faeteda.org\\\/en\\\/#website\",\"url\":\"http:\\\/\\\/www.faeteda.org\\\/en\\\/\",\"name\":\"Faeteda\",\"description\":\"Federaci\u00f3n Estatal de Asociaciones de Empresas de Teatro y Danza\",\"potentialAction\":[{\"@type\":\"SearchAction\",\"target\":{\"@type\":\"EntryPoint\",\"urlTemplate\":\"http:\\\/\\\/www.faeteda.org\\\/en\\\/?s={search_term_string}\"},\"query-input\":{\"@type\":\"PropertyValueSpecification\",\"valueRequired\":true,\"valueName\":\"search_term_string\"}}],\"inLanguage\":\"en-US\"}]}<\/script>\n<!-- \/ Yoast SEO plugin. -->","yoast_head_json":{"title":"Asesor\u00eda Jur\u00eddica - Faeteda","robots":{"index":"index","follow":"follow","max-snippet":"max-snippet:-1","max-image-preview":"max-image-preview:large","max-video-preview":"max-video-preview:-1"},"canonical":"https:\/\/www.faeteda.org\/en\/legal-advice\/","og_locale":"en_US","og_type":"article","og_title":"Asesor\u00eda Jur\u00eddica - Faeteda","og_url":"https:\/\/www.faeteda.org\/en\/legal-advice\/","og_site_name":"Faeteda","article_modified_time":"2024-10-30T14:58:21+00:00","twitter_card":"summary_large_image","twitter_misc":{"Est. reading time":"25 minutes"},"schema":{"@context":"https:\/\/schema.org","@graph":[{"@type":"WebPage","@id":"https:\/\/www.faeteda.org\/en\/legal-advice\/","url":"https:\/\/www.faeteda.org\/en\/legal-advice\/","name":"Asesor\u00eda Jur\u00eddica - Faeteda","isPartOf":{"@id":"http:\/\/www.faeteda.org\/en\/#website"},"datePublished":"2019-04-04T16:08:37+00:00","dateModified":"2024-10-30T14:58:21+00:00","breadcrumb":{"@id":"https:\/\/www.faeteda.org\/en\/legal-advice\/#breadcrumb"},"inLanguage":"en-US","potentialAction":[{"@type":"ReadAction","target":["https:\/\/www.faeteda.org\/en\/legal-advice\/"]}]},{"@type":"BreadcrumbList","@id":"https:\/\/www.faeteda.org\/en\/legal-advice\/#breadcrumb","itemListElement":[{"@type":"ListItem","position":1,"name":"Portada","item":"https:\/\/www.faeteda.org\/en\/portada\/"},{"@type":"ListItem","position":2,"name":"Asesor\u00eda Jur\u00eddica"}]},{"@type":"WebSite","@id":"http:\/\/www.faeteda.org\/en\/#website","url":"http:\/\/www.faeteda.org\/en\/","name":"Faeteda","description":"Federaci\u00f3n Estatal de Asociaciones de Empresas de Teatro y Danza","potentialAction":[{"@type":"SearchAction","target":{"@type":"EntryPoint","urlTemplate":"http:\/\/www.faeteda.org\/en\/?s={search_term_string}"},"query-input":{"@type":"PropertyValueSpecification","valueRequired":true,"valueName":"search_term_string"}}],"inLanguage":"en-US"}]}},"_links":{"self":[{"href":"https:\/\/www.faeteda.org\/en\/wp-json\/wp\/v2\/pages\/51009","targetHints":{"allow":["GET"]}}],"collection":[{"href":"https:\/\/www.faeteda.org\/en\/wp-json\/wp\/v2\/pages"}],"about":[{"href":"https:\/\/www.faeteda.org\/en\/wp-json\/wp\/v2\/types\/page"}],"author":[{"embeddable":true,"href":"https:\/\/www.faeteda.org\/en\/wp-json\/wp\/v2\/users\/2"}],"replies":[{"embeddable":true,"href":"https:\/\/www.faeteda.org\/en\/wp-json\/wp\/v2\/comments?post=51009"}],"version-history":[{"count":0,"href":"https:\/\/www.faeteda.org\/en\/wp-json\/wp\/v2\/pages\/51009\/revisions"}],"wp:attachment":[{"href":"https:\/\/www.faeteda.org\/en\/wp-json\/wp\/v2\/media?parent=51009"}],"curies":[{"name":"wp","href":"https:\/\/api.w.org\/{rel}","templated":true}]}}