{"id":51012,"date":"2018-06-28T10:20:15","date_gmt":"2018-06-28T08:20:15","guid":{"rendered":"https:\/\/www.faeteda.org\/legal-notice-and-conditions-of-use\/"},"modified":"2024-03-13T10:16:35","modified_gmt":"2024-03-13T09:16:35","slug":"legal-notice-and-terms-of-use","status":"publish","type":"page","link":"https:\/\/www.faeteda.org\/en\/legal-notice-and-terms-of-use\/","title":{"rendered":"Legal notice and terms of use"},"content":{"rendered":"\n<div class=\"wp-block-group has-global-padding is-layout-constrained wp-block-group-is-layout-constrained\">\n<div class=\"wp-block-columns is-layout-flex wp-container-core-columns-is-layout-28f84493 wp-block-columns-is-layout-flex\">\n<div class=\"wp-block-column is-layout-flow wp-block-column-is-layout-flow\">\n<h1 class=\"wp-block-heading has-text-align-center has-x-large-font-size\" style=\"margin-top:var(--wp--preset--spacing--80);margin-bottom:var(--wp--preset--spacing--80);font-style:normal;font-weight:400;text-transform:uppercase\">Legal notice and terms of use<\/h1>\n\n\n\n<h4 class=\"wp-block-heading\"><strong>1. Responsable legal de esta web<\/strong><\/h4>\n\n\n\n<p>Las presentes condiciones generales de uso de la p\u00e1gina web, regulan los t\u00e9rminos y condiciones de acceso y uso de\u00a0<strong><a href=\"http:\/\/www.faeteda.org\/\" target=\"_blank\" rel=\"noreferrer noopener\">www.faeteda.org<\/a><\/strong>.\u00a0<strong>FAETEDA\u00a0<\/strong>es la\u00a0<strong>Federaci\u00f3n Estatal de Asociaciones de Empresas Productoras de Teatro y Danza<\/strong>, con domicilio en Plaza de la Cebada, 2, 28005 Madrid y con\u00a0<strong>CIF G61486445<\/strong>, en adelante, \u00abla \u00a0Empresa\u00bb, que el usuario del portal deber\u00e1 de leer y aceptar para usar todos los servicios e informaci\u00f3n que se facilitan desde el portal.\u00a0El mero acceso y\/o utilizaci\u00f3n del portal, de todos o parte de sus contenidos y\/o servicios significa la plena aceptaci\u00f3n de las presentes condiciones generales de uso.<\/p>\n\n\n\n<p><a href=\"http:\/\/www.faeteda.org\/\" target=\"_blank\" rel=\"noreferrer noopener\">www.faeteda.org<\/a><strong>,\u00a0<\/strong>en cumplimiento de la Ley 34\/2002, de 11 de julio, de servicios de la sociedad de la informaci\u00f3n y de comercio electr\u00f3nico, le informa que:<\/p>\n\n\n\n<ul class=\"wp-block-list\">\n<li><strong>Su denominaci\u00f3n comercial es:<\/strong>\u00a0FAETEDA.<\/li>\n\n\n\n<li><strong>Su denominaci\u00f3n social es:<\/strong>\u00a0FAETEDA (Federaci\u00f3n Estatal de Asociaciones de Empresas Productoras de Teatro y Danza).<\/li>\n\n\n\n<li><strong>Su CIF es:<\/strong>\u00a0G61486445.<\/li>\n\n\n\n<li><strong>Su domicilio social est\u00e1 en:<\/strong>\u00a0Plaza de la Cebada, 2, 28005 Madrid.<\/li>\n\n\n\n<li><strong>Su actividad social es:<\/strong>\u00a0el fomento de la industrializaci\u00f3n, modernizaci\u00f3n, potenciaci\u00f3n y vertebraci\u00f3n del sector teatral en Espa\u00f1a. Actualmente FAETEDA est\u00e1 formada por 19 asociaciones que representan a m\u00e1s de 500 compa\u00f1\u00edas\/productoras y recintos privados de teatro y danza de todo el pa\u00eds.<\/li>\n\n\n\n<li><strong>Tel\u00e9fono de contacto:<\/strong>\u00a0(+34) 91 819 26 60.<\/li>\n\n\n\n<li><strong>Email de contacto:<\/strong>\u00a0<a href=\"mailto:info@faeteda.org\">info@faeteda.org<\/a><\/li>\n<\/ul>\n\n\n\n<h4 class=\"wp-block-heading\"><strong>2. Objeto y condiciones de uso<\/strong><\/h4>\n\n\n\n<p>Las presentes condiciones generales de uso del portal regulan el acceso y la utilizaci\u00f3n del mismo, incluyendo los contenidos y los servicios puestos a disposici\u00f3n de los usuarios en y\/o a trav\u00e9s del portal, bien por el portal, bien por sus usuarios, bien por terceros. No obstante, el acceso y la utilizaci\u00f3n de ciertos contenidos y\/o servicios puede encontrarse sometido a determinadas condiciones espec\u00edficas.<\/p>\n\n\n\n<h4 class=\"wp-block-heading\"><strong>3. Modificaciones<\/strong><\/h4>\n\n\n\n<p>La empresa se reserva la facultad de modificar en cualquier momento las condiciones generales de uso del portal. En todo caso, se recomienda que consulte peri\u00f3dicamente los presentes\u00a0t\u00e9rminos de uso del portal, ya que pueden ser modificados. Para facilitar el conocimiento de las condiciones de uso en cada momento vigentes, estas siempre ir\u00e1n fechadas por lo que el usuario podr\u00e1 f\u00e1cilmente encontrar las vigentes en cada acceso.<\/p>\n\n\n\n<h4 class=\"wp-block-heading\"><strong>4. Obligaciones del Usuario<\/strong><\/h4>\n\n\n\n<p>El Usuario deber\u00e1 respetar en todo momento los t\u00e9rminos y condiciones establecidos en las presentes condiciones generales de uso del portal. De forma expresa el usuario manifiesta que utilizar\u00e1 el portal de forma diligente y asumiendo cualquier responsabilidad que pudiera derivarse del incumplimiento de las normas.<\/p>\n\n\n\n<p>Asimismo, el Usuario no podr\u00e1 utilizar el portal para transmitir, almacenar, divulgar, promover o distribuir datos o contenidos que sean portadores de virus o cualquier otro c\u00f3digo inform\u00e1tico, archivos o programas dise\u00f1ados para interrumpir, destruir o perjudicar el funcionamiento de cualquier programa o equipo inform\u00e1tico o de telecomunicaciones. Queda prohibido el uso del portal web con fines il\u00edcitos o lesivos, o que, de cualquier forma, puedan causar perjuicio o impedir el normal funcionamiento de los sitios web.<\/p>\n\n\n\n<p>El plagio de contenidos vulnera derechos. Si desea utilizar cualquiera de los\u00a0contenidos aqu\u00ed publicados, es preciso contar con la autorizaci\u00f3n expresa de\u00a0<strong>FAETEDA<\/strong>.<\/p>\n\n\n\n<p>Al realizar una solicitud a trav\u00e9s de estos sitios webs, el Usuario garantiza que es mayor de 18 a\u00f1os y que tiene capacidad legal para celebrar contratos vinculantes.<\/p>\n\n\n\n<p>Si el Usuario no facilita toda la informaci\u00f3n que necesitamos en los formularios o newsletters,\u00a0<strong>FAETEDA<\/strong>\u00a0no podr\u00e1 cursar ninguna solicitud de compra o suscripci\u00f3n.<\/p>\n\n\n\n<h4 class=\"wp-block-heading\"><strong>5. Responsabilidad del portal<\/strong><\/h4>\n\n\n\n<p>El Usuario conoce y acepta que el portal no otorga ninguna garant\u00eda de cualquier naturaleza, ya sea expresa o impl\u00edcita, sobre los datos, contenidos, informaci\u00f3n y servicios que se incorporan y ofrecen desde los mismos.<\/p>\n\n\n\n<p>Exceptuando los casos que la Ley imponga expresamente lo contrario, y exclusivamente con la medida y extensi\u00f3n en que lo imponga, el portal no garantiza ni asume responsabilidad alguna respecto a los posibles da\u00f1os y perjuicios causados por el uso y utilizaci\u00f3n de la informaci\u00f3n, datos y servicios del portal.<\/p>\n\n\n\n<p>En todo caso, el portal excluye cualquier responsabilidad por los da\u00f1os y perjuicios que puedan deberse a la informaci\u00f3n y\/o servicios prestados o suministrados por terceros diferentes de la empresa. Toda responsabilidad ser\u00e1 del tercero ya sea proveedor o colaborador.<\/p>\n\n\n\n<h4 class=\"wp-block-heading\"><strong>6. Propiedad intelectual e industrial<\/strong><\/h4>\n\n\n\n<p>Todos los contenidos, marcas, fotograf\u00edas, textos, logos, material audiovisual, gr\u00e1ficos, dibujos, documentaci\u00f3n, programas inform\u00e1ticos o cualquier otro elemento susceptible de protecci\u00f3n por la legislaci\u00f3n de propiedad intelectual o industrial, que sean accesibles en el portal corresponden y pertenecen exclusivamente a la empresa o a sus leg\u00edtimos titulares y quedan expresamente reservados todos los derechos sobre los mismos. Queda expresamente prohibida la creaci\u00f3n de enlaces de hipertexto (links) a cualquier elemento integrante de las p\u00e1ginas web del portal sin la autorizaci\u00f3n de la empresa, siempre que no sean a una p\u00e1gina web del portal que no requiera identificaci\u00f3n o autenticaci\u00f3n para su acceso, o el mismo est\u00e9 restringido.<\/p>\n\n\n\n<p>Queda expresamente prohibido al Usuario la reproducci\u00f3n, transformaci\u00f3n, distribuci\u00f3n, comunicaci\u00f3n p\u00fablica, puesta a disposici\u00f3n del p\u00fablico, extracci\u00f3n, reutilizaci\u00f3n, reenv\u00edo o la utilizaci\u00f3n de cualquier naturaleza, por cualquier medio o procedimiento, de cualquiera de los elementos integrantes del portal, salvo en los casos en que est\u00e9 legalmente permitido o sea autorizado por el titular de los correspondientes derechos.<\/p>\n\n\n\n<p>En cualquier caso, el portal se reserva todos los derechos sobre los contenidos, informaci\u00f3n, datos y servicios que ostente sobre los mismos. El portal no concede ninguna licencia o autorizaci\u00f3n de uso al usuario sobre sus contenidos, datos o servicios, distinta de la que expresamente se detalle en las presentes condiciones generales de uso del portal.<\/p>\n\n\n\n<h4 class=\"wp-block-heading\"><strong>7. Pol\u00edtica de protecci\u00f3n de datos y confidencialidad<\/strong><\/h4>\n\n\n\n<p><strong>FAETEDA<\/strong>\u00a0se compromete en la utilizaci\u00f3n de los datos incluidos en los ficheros o tratamientos, a respetar su confidencialidad y a utilizarlos de acuerdo con la finalidad del mismo, as\u00ed como a dar cumplimiento a su obligaci\u00f3n de guardarlos y adaptar todas las medidas para evitar la alteraci\u00f3n, p\u00e9rdida, tratamiento o acceso no autorizado, de conformidad con lo establecido en el Reglamento (UE) 2016\/679 del Parlamento Europeo y del Consejo, de 27 de abril de 2016, relativo a la protecci\u00f3n de las personas f\u00edsicas en lo que respecta al tratamiento de datos personales y a la libre circulaci\u00f3n de estos datos (RGPD).<\/p>\n\n\n\n<p>El usuario garantiza que los datos personales facilitados a trav\u00e9s del formulario de contacto y de las newsletters son veraces, quedando obligado a comunicar cualquier modificaci\u00f3n de los mismos. Igualmente, el usuario garantiza que toda la informaci\u00f3n facilitada corresponde con su situaci\u00f3n real, que est\u00e1 puesta al d\u00eda y es exacta. Adem\u00e1s, el usuario se obliga a mantener en todo momento sus datos actualizados, siendo el \u00fanico responsable de la inexactitud o falsedad de los datos facilitados y de los perjuicios que pueda causar por ello a\u00a0<strong>FAETEDA<\/strong>\u00a0como titular del portal o a terceros con motivo de la utilizaci\u00f3n de dichos datos.<\/p>\n\n\n\n<p>De igual forma, el usuario tiene acceso en todo momento a modificar, editar o eliminar la informaci\u00f3n proporcionada, as\u00ed como gestionar su baja directamente, o mediante solicitud dirigida al contacto mostrado en la secci\u00f3n\u00a0<a href=\"https:\/\/www.faeteda.org\/es\/contacto\/\" target=\"_blank\" rel=\"noreferrer noopener\">Contacto<\/a>\u00a0o mediante escrito dirigido a\u00a0<strong>FAETEDA<\/strong>\u00a0junto con copia de su DNI o documento acreditativo equivalente.<\/p>\n\n\n\n<p>Para m\u00e1s informaci\u00f3n, el usuario ha de consultar la<a href=\"https:\/\/www.faeteda.org\/es\/politica-de-privacidad\/\" target=\"_blank\" rel=\"noreferrer noopener\">\u00a0pol\u00edtica de privacidad<\/a>\u00a0expuesta en el portal.<\/p>\n\n\n\n<h4 class=\"wp-block-heading\"><strong>8. Ejercicio de derechos<\/strong><\/h4>\n\n\n\n<p>Como Usuario, podr\u00e1 ejercitar, respecto de los datos recabados en cualquiera de los formularios de esta web, los derechos reconocidos en el Reglamento (UE) 2016\/679 del Parlamento Europeo y del Consejo, de 27 de abril de 2016, relativo a la protecci\u00f3n de las personas f\u00edsicas en lo que respecta al tratamiento de datos personales y a la libre circulaci\u00f3n de estos datos (RGPD). Podr\u00e1 ejercer dichos derechos mediante solicitud escrita y firmada que podr\u00e1 enviar, junto con fotocopia de su DNI o documento identificativos equivalente, al contacto mostrado en la secci\u00f3n de\u00a0<a href=\"https:\/\/www.faeteda.org\/es\/contacto\/\" target=\"_blank\" rel=\"noreferrer noopener\">Contacto<\/a>\u00a0o la siguiente direcci\u00f3n postal o email:<\/p>\n\n\n\n<ul class=\"wp-block-list\">\n<li><strong>Direcci\u00f3n postal:\u00a0<\/strong>Plaza de la Cebada, 2, 28005 Madrid<\/li>\n\n\n\n<li><strong>Email<\/strong><strong>:\u00a0<\/strong><a href=\"mailto:info@faeteda.org\">info@faeteda.org<\/a><\/li>\n<\/ul>\n\n\n\n<p>Para m\u00e1s informaci\u00f3n sobre los derechos relativos a la protecci\u00f3n de datos del Usuario puede consultar la pol\u00edtica de privacidad de la empresa.<\/p>\n\n\n\n<h4 class=\"wp-block-heading\"><strong>9. Legislaci\u00f3n aplicable, jurisdicci\u00f3n competente y notificaciones<\/strong><\/h4>\n\n\n\n<p>Las presentes condiciones se rigen y se interpretan de acuerdo con las Leyes de Espa\u00f1a. Para cualquier reclamaci\u00f3n ser\u00e1n competentes los juzgados y tribunales de Madrid con renuncia a cualquier otro fuero. Todas las notificaciones, requerimientos, peticiones y otras comunicaciones que el Usuario desee efectuar a la empresa titular del portal deber\u00e1n realizarse por escrito y se entender\u00e1 que han sido correctamente realizadas cuando hayan sido recibidas en la siguiente direcci\u00f3n:\u00a0<a href=\"mailto:info@faeteda.org\">info@faeteda.org<\/a><\/p>\n<\/div>\n<\/div>\n<\/div>\n","protected":false},"excerpt":{"rendered":"<p>1. Responsable legal de esta web Las presentes condiciones generales de uso de la p\u00e1gina web, regulan los t\u00e9rminos y condiciones de acceso y uso de\u00a0www.faeteda.org.\u00a0FAETEDA\u00a0es la\u00a0Federaci\u00f3n Estatal de Asociaciones de Empresas Productoras de Teatro y Danza, con domicilio en Plaza de la Cebada, 2, 28005 Madrid y con\u00a0CIF G61486445, en adelante, \u00abla \u00a0Empresa\u00bb, que [&hellip;]<\/p>\n","protected":false},"author":2,"featured_media":0,"parent":0,"menu_order":0,"comment_status":"closed","ping_status":"closed","template":"","meta":{"_acf_changed":false,"_editorskit_title_hidden":false,"_editorskit_reading_time":0,"_editorskit_is_block_options_detached":false,"_editorskit_block_options_position":"{}","footnotes":""},"class_list":["post-51012","page","type-page","status-publish","hentry"],"acf":[],"yoast_head":"<!-- This site is optimized with the Yoast SEO plugin v27.5 - https:\/\/yoast.com\/product\/yoast-seo-wordpress\/ -->\n<title>Legal notice and terms of use - Faeteda<\/title>\n<meta name=\"robots\" content=\"index, follow, max-snippet:-1, max-image-preview:large, max-video-preview:-1\" \/>\n<link rel=\"canonical\" href=\"https:\/\/www.faeteda.org\/en\/legal-notice-and-terms-of-use\/\" \/>\n<meta property=\"og:locale\" content=\"en_US\" \/>\n<meta property=\"og:type\" content=\"article\" \/>\n<meta property=\"og:title\" content=\"Legal notice and terms of use - Faeteda\" \/>\n<meta property=\"og:description\" content=\"1. Responsable legal de esta web Las presentes condiciones generales de uso de la p\u00e1gina web, regulan los t\u00e9rminos y condiciones de acceso y uso de\u00a0www.faeteda.org.\u00a0FAETEDA\u00a0es la\u00a0Federaci\u00f3n Estatal de Asociaciones de Empresas Productoras de Teatro y Danza, con domicilio en Plaza de la Cebada, 2, 28005 Madrid y con\u00a0CIF G61486445, en adelante, \u00abla \u00a0Empresa\u00bb, que [&hellip;]\" \/>\n<meta property=\"og:url\" content=\"https:\/\/www.faeteda.org\/en\/legal-notice-and-terms-of-use\/\" \/>\n<meta property=\"og:site_name\" content=\"Faeteda\" \/>\n<meta property=\"article:modified_time\" content=\"2024-03-13T09:16:35+00:00\" \/>\n<meta name=\"twitter:card\" content=\"summary_large_image\" \/>\n<meta name=\"twitter:label1\" content=\"Est. reading time\" \/>\n\t<meta name=\"twitter:data1\" content=\"12 minutes\" \/>\n<script type=\"application\/ld+json\" class=\"yoast-schema-graph\">{\"@context\":\"https:\\\/\\\/schema.org\",\"@graph\":[{\"@type\":\"WebPage\",\"@id\":\"https:\\\/\\\/www.faeteda.org\\\/en\\\/legal-notice-and-terms-of-use\\\/\",\"url\":\"https:\\\/\\\/www.faeteda.org\\\/en\\\/legal-notice-and-terms-of-use\\\/\",\"name\":\"Legal notice and terms of use - Faeteda\",\"isPartOf\":{\"@id\":\"http:\\\/\\\/www.faeteda.org\\\/en\\\/#website\"},\"datePublished\":\"2018-06-28T08:20:15+00:00\",\"dateModified\":\"2024-03-13T09:16:35+00:00\",\"breadcrumb\":{\"@id\":\"https:\\\/\\\/www.faeteda.org\\\/en\\\/legal-notice-and-terms-of-use\\\/#breadcrumb\"},\"inLanguage\":\"en-US\",\"potentialAction\":[{\"@type\":\"ReadAction\",\"target\":[\"https:\\\/\\\/www.faeteda.org\\\/en\\\/legal-notice-and-terms-of-use\\\/\"]}]},{\"@type\":\"BreadcrumbList\",\"@id\":\"https:\\\/\\\/www.faeteda.org\\\/en\\\/legal-notice-and-terms-of-use\\\/#breadcrumb\",\"itemListElement\":[{\"@type\":\"ListItem\",\"position\":1,\"name\":\"Portada\",\"item\":\"https:\\\/\\\/www.faeteda.org\\\/en\\\/portada\\\/\"},{\"@type\":\"ListItem\",\"position\":2,\"name\":\"Legal notice and terms of use\"}]},{\"@type\":\"WebSite\",\"@id\":\"http:\\\/\\\/www.faeteda.org\\\/en\\\/#website\",\"url\":\"http:\\\/\\\/www.faeteda.org\\\/en\\\/\",\"name\":\"Faeteda\",\"description\":\"Federaci\u00f3n Estatal de Asociaciones de Empresas de Teatro y Danza\",\"potentialAction\":[{\"@type\":\"SearchAction\",\"target\":{\"@type\":\"EntryPoint\",\"urlTemplate\":\"http:\\\/\\\/www.faeteda.org\\\/en\\\/?s={search_term_string}\"},\"query-input\":{\"@type\":\"PropertyValueSpecification\",\"valueRequired\":true,\"valueName\":\"search_term_string\"}}],\"inLanguage\":\"en-US\"}]}<\/script>\n<!-- \/ Yoast SEO plugin. -->","yoast_head_json":{"title":"Legal notice and terms of use - Faeteda","robots":{"index":"index","follow":"follow","max-snippet":"max-snippet:-1","max-image-preview":"max-image-preview:large","max-video-preview":"max-video-preview:-1"},"canonical":"https:\/\/www.faeteda.org\/en\/legal-notice-and-terms-of-use\/","og_locale":"en_US","og_type":"article","og_title":"Legal notice and terms of use - Faeteda","og_description":"1. Responsable legal de esta web Las presentes condiciones generales de uso de la p\u00e1gina web, regulan los t\u00e9rminos y condiciones de acceso y uso de\u00a0www.faeteda.org.\u00a0FAETEDA\u00a0es la\u00a0Federaci\u00f3n Estatal de Asociaciones de Empresas Productoras de Teatro y Danza, con domicilio en Plaza de la Cebada, 2, 28005 Madrid y con\u00a0CIF G61486445, en adelante, \u00abla \u00a0Empresa\u00bb, que [&hellip;]","og_url":"https:\/\/www.faeteda.org\/en\/legal-notice-and-terms-of-use\/","og_site_name":"Faeteda","article_modified_time":"2024-03-13T09:16:35+00:00","twitter_card":"summary_large_image","twitter_misc":{"Est. reading time":"12 minutes"},"schema":{"@context":"https:\/\/schema.org","@graph":[{"@type":"WebPage","@id":"https:\/\/www.faeteda.org\/en\/legal-notice-and-terms-of-use\/","url":"https:\/\/www.faeteda.org\/en\/legal-notice-and-terms-of-use\/","name":"Legal notice and terms of use - Faeteda","isPartOf":{"@id":"http:\/\/www.faeteda.org\/en\/#website"},"datePublished":"2018-06-28T08:20:15+00:00","dateModified":"2024-03-13T09:16:35+00:00","breadcrumb":{"@id":"https:\/\/www.faeteda.org\/en\/legal-notice-and-terms-of-use\/#breadcrumb"},"inLanguage":"en-US","potentialAction":[{"@type":"ReadAction","target":["https:\/\/www.faeteda.org\/en\/legal-notice-and-terms-of-use\/"]}]},{"@type":"BreadcrumbList","@id":"https:\/\/www.faeteda.org\/en\/legal-notice-and-terms-of-use\/#breadcrumb","itemListElement":[{"@type":"ListItem","position":1,"name":"Portada","item":"https:\/\/www.faeteda.org\/en\/portada\/"},{"@type":"ListItem","position":2,"name":"Legal notice and terms of use"}]},{"@type":"WebSite","@id":"http:\/\/www.faeteda.org\/en\/#website","url":"http:\/\/www.faeteda.org\/en\/","name":"Faeteda","description":"Federaci\u00f3n Estatal de Asociaciones de Empresas de Teatro y Danza","potentialAction":[{"@type":"SearchAction","target":{"@type":"EntryPoint","urlTemplate":"http:\/\/www.faeteda.org\/en\/?s={search_term_string}"},"query-input":{"@type":"PropertyValueSpecification","valueRequired":true,"valueName":"search_term_string"}}],"inLanguage":"en-US"}]}},"_links":{"self":[{"href":"https:\/\/www.faeteda.org\/en\/wp-json\/wp\/v2\/pages\/51012","targetHints":{"allow":["GET"]}}],"collection":[{"href":"https:\/\/www.faeteda.org\/en\/wp-json\/wp\/v2\/pages"}],"about":[{"href":"https:\/\/www.faeteda.org\/en\/wp-json\/wp\/v2\/types\/page"}],"author":[{"embeddable":true,"href":"https:\/\/www.faeteda.org\/en\/wp-json\/wp\/v2\/users\/2"}],"replies":[{"embeddable":true,"href":"https:\/\/www.faeteda.org\/en\/wp-json\/wp\/v2\/comments?post=51012"}],"version-history":[{"count":0,"href":"https:\/\/www.faeteda.org\/en\/wp-json\/wp\/v2\/pages\/51012\/revisions"}],"wp:attachment":[{"href":"https:\/\/www.faeteda.org\/en\/wp-json\/wp\/v2\/media?parent=51012"}],"curies":[{"name":"wp","href":"https:\/\/api.w.org\/{rel}","templated":true}]}}