{"id":51040,"date":"2018-02-20T16:03:15","date_gmt":"2018-02-20T15:03:15","guid":{"rendered":"https:\/\/www.faeteda.org\/pearle\/"},"modified":"2024-03-13T13:13:49","modified_gmt":"2024-03-13T12:13:49","slug":"pearle","status":"publish","type":"page","link":"https:\/\/www.faeteda.org\/en\/pearle\/","title":{"rendered":"Pearle*"},"content":{"rendered":"\n<div class=\"wp-block-cover alignfull has-custom-content-position is-position-bottom-left hero inner-container-alignwide\" style=\"padding-top:10px;padding-right:20px;padding-bottom:10px;padding-left:20px;min-height:180px;aspect-ratio:unset;\"><span aria-hidden=\"true\" class=\"wp-block-cover__background has-primary-background-color has-background-dim-100 has-background-dim\"><\/span><div class=\"wp-block-cover__inner-container is-layout-flow wp-block-cover-is-layout-flow\"><h1 class=\"wp-block-post-title has-text-color has-background-color\">Pearle*<\/h1><\/div><\/div>\n\n<div class=\"wp-block-group has-global-padding is-layout-constrained wp-block-group-is-layout-constrained\" style=\"padding-top:60px;padding-bottom:60px\"><figure class=\"wp-block-post-featured-image\"><img loading=\"lazy\" decoding=\"async\" width=\"1074\" height=\"714\" src=\"https:\/\/www.faeteda.org\/wp-content\/uploads\/2024\/03\/Imagen-Pearle-2023-1.jpg\" class=\"attachment-post-thumbnail size-post-thumbnail wp-post-image\" alt=\"\" style=\"object-fit:cover;\" srcset=\"https:\/\/www.faeteda.org\/wp-content\/uploads\/2024\/03\/Imagen-Pearle-2023-1.jpg 1074w, https:\/\/www.faeteda.org\/wp-content\/uploads\/2024\/03\/Imagen-Pearle-2023-1-300x199.jpg 300w, https:\/\/www.faeteda.org\/wp-content\/uploads\/2024\/03\/Imagen-Pearle-2023-1-800x532.jpg 800w\" sizes=\"auto, (max-width: 1074px) 100vw, 1074px\" \/><\/figure>\n\n\n<h2 class=\"wp-block-heading has-text-align-left\">PEARLE* \u2013 LIVE PERFORMANCE EUROPE<\/h2>\n\n\n\n<p class=\"has-text-align-justify\"><strong><a href=\"https:\/\/www.pearle.eu\/\" target=\"_blank\" rel=\"noreferrer noopener\"><br\/>Pearle* (Federaci\u00f3n Europea de Empleadores de las Artes en Vivo)<\/a><\/strong>\u00a0representa a m\u00e1s de 10.000 organizaciones culturales europeas, a trav\u00e9s de sus socios.\u00a0<strong>Pearle*\u00a0<\/strong>est\u00e1 comprometida con el apoyo y la formaci\u00f3n de las asociaciones de empleadores europeas, con el fin de crear en Europa un entorno sostenible para el sector de las artes en vivo.\u00a0<strong>FAETEDA\u00a0<\/strong>ingres\u00f3 en\u00a0<strong>Pearle*\u00a0<\/strong>en 1997 y actualmente forma parte de su Comit\u00e9 Ejecutivo.<\/p>\n\n\n\n<p class=\"has-text-align-justify\">En 1998, la Comisi\u00f3n Europea reconoci\u00f3 a\u00a0<strong>Pearle*<\/strong>\u00a0como el interlocutor, a nivel comunitario, de las asociaciones de empleadores del sector.\u00a0<strong>Pearle*<\/strong>\u00a0participa en las reuniones de Di\u00e1logo Social de la Uni\u00f3n Europea junto con\u00a0<strong>EAEA<\/strong>\u00a0(la Alianza Europea para las Artes y el Entretenimiento)\u00a0quien representa, a nivel comunitario, al sindicato de trabajadores. En estas reuniones se debaten diferentes temas como el di\u00e1logo social, las medidas de salud y seguridad, la movilidad laboral, la formaci\u00f3n, la situaci\u00f3n econ\u00f3mica del sector o la diversidad y la igualdad de g\u00e9nero.<\/p>\n\n\n\n<p class=\"has-text-align-justify\">Finalmente,\u00a0<strong>Pearle*<\/strong>\u00a0forma parte de\u00a0<strong>ENN\u00a0<\/strong>(Red Europea de Empleadores) y est\u00e1 registrada en\u00a0<strong>ILO\u00a0<\/strong>(Oficina Internacional del Trabajo), lo que confiere a\u00a0<strong>Pearle*\u00a0<\/strong>la categor\u00eda de observador en la Conferencia Internacional del Trabajo.<\/p>\n<\/div>\n","protected":false},"excerpt":{"rendered":"<p>PEARLE* \u2013 LIVE PERFORMANCE EUROPE Pearle* (Federaci\u00f3n Europea de Empleadores de las Artes en Vivo)\u00a0representa a m\u00e1s de 10.000 organizaciones culturales europeas, a trav\u00e9s de sus socios.\u00a0Pearle*\u00a0est\u00e1 comprometida con el apoyo y la formaci\u00f3n de las asociaciones de empleadores europeas, con el fin de crear en Europa un entorno sostenible para el sector de las [&hellip;]<\/p>\n","protected":false},"author":2,"featured_media":58835,"parent":0,"menu_order":0,"comment_status":"closed","ping_status":"closed","template":"","meta":{"_acf_changed":false,"_editorskit_title_hidden":false,"_editorskit_reading_time":0,"_editorskit_is_block_options_detached":false,"_editorskit_block_options_position":"{}","footnotes":""},"class_list":["post-51040","page","type-page","status-publish","has-post-thumbnail","hentry"],"acf":[],"yoast_head":"<!-- This site is optimized with the Yoast SEO plugin v27.4 - https:\/\/yoast.com\/product\/yoast-seo-wordpress\/ -->\n<title>Pearle* - Faeteda<\/title>\n<meta name=\"robots\" content=\"index, follow, max-snippet:-1, max-image-preview:large, max-video-preview:-1\" \/>\n<link rel=\"canonical\" href=\"https:\/\/www.faeteda.org\/en\/pearle\/\" \/>\n<meta property=\"og:locale\" content=\"en_US\" \/>\n<meta property=\"og:type\" content=\"article\" \/>\n<meta property=\"og:title\" content=\"Pearle* - Faeteda\" \/>\n<meta property=\"og:description\" content=\"PEARLE* \u2013 LIVE PERFORMANCE EUROPE Pearle* (Federaci\u00f3n Europea de Empleadores de las Artes en Vivo)\u00a0representa a m\u00e1s de 10.000 organizaciones culturales europeas, a trav\u00e9s de sus socios.\u00a0Pearle*\u00a0est\u00e1 comprometida con el apoyo y la formaci\u00f3n de las asociaciones de empleadores europeas, con el fin de crear en Europa un entorno sostenible para el sector de las [&hellip;]\" \/>\n<meta property=\"og:url\" content=\"https:\/\/www.faeteda.org\/en\/pearle\/\" \/>\n<meta property=\"og:site_name\" content=\"Faeteda\" \/>\n<meta property=\"article:modified_time\" content=\"2024-03-13T12:13:49+00:00\" \/>\n<meta name=\"twitter:card\" content=\"summary_large_image\" \/>\n<meta name=\"twitter:label1\" content=\"Est. reading time\" \/>\n\t<meta name=\"twitter:data1\" content=\"1 minute\" \/>\n<script type=\"application\/ld+json\" class=\"yoast-schema-graph\">{\"@context\":\"https:\\\/\\\/schema.org\",\"@graph\":[{\"@type\":\"WebPage\",\"@id\":\"https:\\\/\\\/www.faeteda.org\\\/en\\\/pearle\\\/\",\"url\":\"https:\\\/\\\/www.faeteda.org\\\/en\\\/pearle\\\/\",\"name\":\"Pearle* - Faeteda\",\"isPartOf\":{\"@id\":\"http:\\\/\\\/www.faeteda.org\\\/en\\\/#website\"},\"primaryImageOfPage\":{\"@id\":\"https:\\\/\\\/www.faeteda.org\\\/en\\\/pearle\\\/#primaryimage\"},\"image\":{\"@id\":\"https:\\\/\\\/www.faeteda.org\\\/en\\\/pearle\\\/#primaryimage\"},\"thumbnailUrl\":\"https:\\\/\\\/www.faeteda.org\\\/wp-content\\\/uploads\\\/2024\\\/03\\\/Imagen-Pearle-2023-1.jpg\",\"datePublished\":\"2018-02-20T15:03:15+00:00\",\"dateModified\":\"2024-03-13T12:13:49+00:00\",\"breadcrumb\":{\"@id\":\"https:\\\/\\\/www.faeteda.org\\\/en\\\/pearle\\\/#breadcrumb\"},\"inLanguage\":\"en-US\",\"potentialAction\":[{\"@type\":\"ReadAction\",\"target\":[\"https:\\\/\\\/www.faeteda.org\\\/en\\\/pearle\\\/\"]}]},{\"@type\":\"ImageObject\",\"inLanguage\":\"en-US\",\"@id\":\"https:\\\/\\\/www.faeteda.org\\\/en\\\/pearle\\\/#primaryimage\",\"url\":\"https:\\\/\\\/www.faeteda.org\\\/wp-content\\\/uploads\\\/2024\\\/03\\\/Imagen-Pearle-2023-1.jpg\",\"contentUrl\":\"https:\\\/\\\/www.faeteda.org\\\/wp-content\\\/uploads\\\/2024\\\/03\\\/Imagen-Pearle-2023-1.jpg\",\"width\":1074,\"height\":714},{\"@type\":\"BreadcrumbList\",\"@id\":\"https:\\\/\\\/www.faeteda.org\\\/en\\\/pearle\\\/#breadcrumb\",\"itemListElement\":[{\"@type\":\"ListItem\",\"position\":1,\"name\":\"Portada\",\"item\":\"https:\\\/\\\/www.faeteda.org\\\/en\\\/portada\\\/\"},{\"@type\":\"ListItem\",\"position\":2,\"name\":\"Pearle*\"}]},{\"@type\":\"WebSite\",\"@id\":\"http:\\\/\\\/www.faeteda.org\\\/en\\\/#website\",\"url\":\"http:\\\/\\\/www.faeteda.org\\\/en\\\/\",\"name\":\"Faeteda\",\"description\":\"Federaci\u00f3n Estatal de Asociaciones de Empresas de Teatro y Danza\",\"potentialAction\":[{\"@type\":\"SearchAction\",\"target\":{\"@type\":\"EntryPoint\",\"urlTemplate\":\"http:\\\/\\\/www.faeteda.org\\\/en\\\/?s={search_term_string}\"},\"query-input\":{\"@type\":\"PropertyValueSpecification\",\"valueRequired\":true,\"valueName\":\"search_term_string\"}}],\"inLanguage\":\"en-US\"}]}<\/script>\n<!-- \/ Yoast SEO plugin. -->","yoast_head_json":{"title":"Pearle* - Faeteda","robots":{"index":"index","follow":"follow","max-snippet":"max-snippet:-1","max-image-preview":"max-image-preview:large","max-video-preview":"max-video-preview:-1"},"canonical":"https:\/\/www.faeteda.org\/en\/pearle\/","og_locale":"en_US","og_type":"article","og_title":"Pearle* - Faeteda","og_description":"PEARLE* \u2013 LIVE PERFORMANCE EUROPE Pearle* (Federaci\u00f3n Europea de Empleadores de las Artes en Vivo)\u00a0representa a m\u00e1s de 10.000 organizaciones culturales europeas, a trav\u00e9s de sus socios.\u00a0Pearle*\u00a0est\u00e1 comprometida con el apoyo y la formaci\u00f3n de las asociaciones de empleadores europeas, con el fin de crear en Europa un entorno sostenible para el sector de las [&hellip;]","og_url":"https:\/\/www.faeteda.org\/en\/pearle\/","og_site_name":"Faeteda","article_modified_time":"2024-03-13T12:13:49+00:00","twitter_card":"summary_large_image","twitter_misc":{"Est. reading time":"1 minute"},"schema":{"@context":"https:\/\/schema.org","@graph":[{"@type":"WebPage","@id":"https:\/\/www.faeteda.org\/en\/pearle\/","url":"https:\/\/www.faeteda.org\/en\/pearle\/","name":"Pearle* - Faeteda","isPartOf":{"@id":"http:\/\/www.faeteda.org\/en\/#website"},"primaryImageOfPage":{"@id":"https:\/\/www.faeteda.org\/en\/pearle\/#primaryimage"},"image":{"@id":"https:\/\/www.faeteda.org\/en\/pearle\/#primaryimage"},"thumbnailUrl":"https:\/\/www.faeteda.org\/wp-content\/uploads\/2024\/03\/Imagen-Pearle-2023-1.jpg","datePublished":"2018-02-20T15:03:15+00:00","dateModified":"2024-03-13T12:13:49+00:00","breadcrumb":{"@id":"https:\/\/www.faeteda.org\/en\/pearle\/#breadcrumb"},"inLanguage":"en-US","potentialAction":[{"@type":"ReadAction","target":["https:\/\/www.faeteda.org\/en\/pearle\/"]}]},{"@type":"ImageObject","inLanguage":"en-US","@id":"https:\/\/www.faeteda.org\/en\/pearle\/#primaryimage","url":"https:\/\/www.faeteda.org\/wp-content\/uploads\/2024\/03\/Imagen-Pearle-2023-1.jpg","contentUrl":"https:\/\/www.faeteda.org\/wp-content\/uploads\/2024\/03\/Imagen-Pearle-2023-1.jpg","width":1074,"height":714},{"@type":"BreadcrumbList","@id":"https:\/\/www.faeteda.org\/en\/pearle\/#breadcrumb","itemListElement":[{"@type":"ListItem","position":1,"name":"Portada","item":"https:\/\/www.faeteda.org\/en\/portada\/"},{"@type":"ListItem","position":2,"name":"Pearle*"}]},{"@type":"WebSite","@id":"http:\/\/www.faeteda.org\/en\/#website","url":"http:\/\/www.faeteda.org\/en\/","name":"Faeteda","description":"Federaci\u00f3n Estatal de Asociaciones de Empresas de Teatro y Danza","potentialAction":[{"@type":"SearchAction","target":{"@type":"EntryPoint","urlTemplate":"http:\/\/www.faeteda.org\/en\/?s={search_term_string}"},"query-input":{"@type":"PropertyValueSpecification","valueRequired":true,"valueName":"search_term_string"}}],"inLanguage":"en-US"}]}},"_links":{"self":[{"href":"https:\/\/www.faeteda.org\/en\/wp-json\/wp\/v2\/pages\/51040","targetHints":{"allow":["GET"]}}],"collection":[{"href":"https:\/\/www.faeteda.org\/en\/wp-json\/wp\/v2\/pages"}],"about":[{"href":"https:\/\/www.faeteda.org\/en\/wp-json\/wp\/v2\/types\/page"}],"author":[{"embeddable":true,"href":"https:\/\/www.faeteda.org\/en\/wp-json\/wp\/v2\/users\/2"}],"replies":[{"embeddable":true,"href":"https:\/\/www.faeteda.org\/en\/wp-json\/wp\/v2\/comments?post=51040"}],"version-history":[{"count":0,"href":"https:\/\/www.faeteda.org\/en\/wp-json\/wp\/v2\/pages\/51040\/revisions"}],"wp:featuredmedia":[{"embeddable":true,"href":"https:\/\/www.faeteda.org\/en\/wp-json\/wp\/v2\/media\/58835"}],"wp:attachment":[{"href":"https:\/\/www.faeteda.org\/en\/wp-json\/wp\/v2\/media?parent=51040"}],"curies":[{"name":"wp","href":"https:\/\/api.w.org\/{rel}","templated":true}]}}