{"id":51043,"date":"2018-06-28T13:16:20","date_gmt":"2018-06-28T11:16:20","guid":{"rendered":"https:\/\/www.faeteda.org\/cookies-policy\/"},"modified":"2024-03-13T10:17:11","modified_gmt":"2024-03-13T09:17:11","slug":"cookies-policy","status":"publish","type":"page","link":"https:\/\/www.faeteda.org\/en\/cookies-policy\/","title":{"rendered":"Cookies policy"},"content":{"rendered":"\n<div class=\"wp-block-group has-global-padding is-layout-constrained wp-block-group-is-layout-constrained\">\n<div class=\"wp-block-columns is-layout-flex wp-container-core-columns-is-layout-28f84493 wp-block-columns-is-layout-flex\">\n<div class=\"wp-block-column is-layout-flow wp-block-column-is-layout-flow\">\n<h1 class=\"wp-block-heading has-text-align-center has-x-large-font-size\" style=\"margin-top:var(--wp--preset--spacing--80);margin-bottom:var(--wp--preset--spacing--80);font-style:normal;font-weight:400;text-transform:uppercase\">Cookies policy<\/h1>\n\n\n\n<h4 class=\"wp-block-heading\"><strong>Introducci\u00f3n<\/strong><\/h4>\n\n\n\n<p>Mediante el presente aviso esta p\u00e1gina web\u00a0<a href=\"http:\/\/www.faeteda.org\/\" target=\"_blank\" rel=\"noreferrer noopener\"><strong>www.faeteda.org\u00a0<\/strong><\/a>y su titular\u00a0<strong>FAETEDA (Federaci\u00f3n Estatal de Asociaciones de Empresas Productoras de Teatro y Danza)<\/strong>\u00a0le informa de su\u00a0pol\u00edtica de recogida y tratamiento cookies, cumpliendo as\u00ed con lo previsto en el art\u00edculo 22.2 de la Ley 34\/2002, de 11 de julio de Servicios de la Sociedad de la Informaci\u00f3n y de Comercio Electr\u00f3nico.<\/p>\n\n\n\n<h4 class=\"wp-block-heading\"><strong>Definici\u00f3n de cookie<\/strong><\/h4>\n\n\n\n<p>Cookie es un fichero que se descarga en su Ordenador\/Smartphone\/Tablet al acceder a determinadas p\u00e1ginas web.<\/p>\n\n\n\n<p>Las cookies permiten a una p\u00e1gina web, entre otras cosas, almacenar y recuperar informaci\u00f3n sobre los h\u00e1bitos de navegaci\u00f3n de un Usuario o de su equipo y, dependiendo de la informaci\u00f3n que contengan y de la forma en que utilice su equipo, pueden utilizarse para reconocer al Usuario.<\/p>\n\n\n\n<p>El navegador del Usuario memoriza cookies en el disco duro solamente durante la sesi\u00f3n actual ocupando un espacio de memoria m\u00ednimo y no perjudicando su ordenador.<\/p>\n\n\n\n<p>Las cookies no contienen ninguna clase de informaci\u00f3n personal espec\u00edfica y la mayor\u00eda de las mismas se borran del disco duro al finalizar la sesi\u00f3n de navegador (las llamadas cookies de sesi\u00f3n).<\/p>\n\n\n\n<p>La mayor\u00eda de los navegadores aceptan como est\u00e1ndar a las cookies y, con independencia de las mismas, permiten o impiden en los ajustes de seguridad las cookies temporales o memorizadas.<\/p>\n\n\n\n<p>Sin su expreso consentimiento, mediante la activaci\u00f3n de las cookies en su navegador,\u00a0<strong>FAETEDA (Federaci\u00f3n Estatal de Asociaciones de Empresas de Productoras Teatro y Danza)<\/strong>\u00a0no enlazar\u00e1 en las cookies los datos memorizados con sus datos personales proporcionados en el momento del registro o la compra.<\/p>\n\n\n\n<p>Existen\u00a0<strong>diferentes tipos de cookies<\/strong>, dependiendo de su propiedad (propias o de terceros) o de su finalidad (cookies de sesi\u00f3n, persistentes, t\u00e9cnicas, de personalizaci\u00f3n, de an\u00e1lisis o publicitarias entre otras).<\/p>\n\n\n\n<ul class=\"wp-block-list\">\n<li><strong>Cookies de sesi\u00f3n.\u00a0<\/strong>Tambi\u00e9n llamadas cookies transitorias, son aquellas que se borran cuando el Usuario cierra el navegador web. Una cookie de sesi\u00f3n se almacena en la memoria temporal y los datos recabados solo se recogen mientras el Usuario est\u00e1 navegando por la p\u00e1gina web.<\/li>\n\n\n\n<li><strong>Cookies de an\u00e1lisis.<\/strong>\u00a0Son aquellas que, bien tratadas por nosotros o por terceros, nos permiten cuantificar el n\u00famero de Usuarios y as\u00ed realizar la medici\u00f3n y an\u00e1lisis estad\u00edstico de la utilizaci\u00f3n que hacen los Usuarios del servicio ofertado. Para ello se analiza su navegaci\u00f3n en nuestra p\u00e1gina web con el fin de mejorar la oferta de productos o servicios que le ofrecemos.<\/li>\n\n\n\n<li><strong>Cookies t\u00e9cnicas.<\/strong>\u00a0Son aquellas que permiten al Usuario la navegaci\u00f3n a trav\u00e9s de una p\u00e1gina web, plataforma o aplicaci\u00f3n, y la utilizaci\u00f3n de las diferentes opciones o servicios que en ella existan como, por ejemplo, controlar el tr\u00e1fico y la comunicaci\u00f3n de datos, identificar la sesi\u00f3n, acceder a partes de acceso restringido, recordar los elementos que integran un pedido, realizar el proceso de compra de un pedido, realizar la solicitud de inscripci\u00f3n o participaci\u00f3n en un evento, utilizar elementos de seguridad durante la navegaci\u00f3n, almacenar contenidos para la difusi\u00f3n de videos o sonido, o compartir contenidos a trav\u00e9s de redes sociales.<\/li>\n\n\n\n<li><strong>Cookies de personalizaci\u00f3n.<\/strong>\u00a0Son aquellas que permiten al Usuario acceder al servicio con algunas caracter\u00edsticas de car\u00e1cter general predefinidas en funci\u00f3n de una serie de criterios en el terminal del Usuario, como por ejemplo ser\u00edan el idioma o el tipo de navegador a trav\u00e9s del cual se conecta al servicio, la configuraci\u00f3n regional desde donde accede al servicio, etc.<\/li>\n\n\n\n<li><strong>Cookies publicitarias.<\/strong>\u00a0Son aquellas que, bien tratadas por esta web o por terceros, permiten gestionar de la forma m\u00e1s eficaz posible la oferta de los espacios publicitarios que hay en la p\u00e1gina web, adecuando el contenido del anuncio al contenido del servicio solicitado o al uso que realice de nuestra p\u00e1gina web. Para ello podemos analizar sus h\u00e1bitos de navegaci\u00f3n en internet y podemos mostrarle publicidad relacionada con su perfil de navegaci\u00f3n.<\/li>\n\n\n\n<li><strong>Cookies de publicidad comportamental.<\/strong>\u00a0Son aquellas que permiten la gesti\u00f3n, de la forma m\u00e1s eficaz posible, de los espacios publicitarios que, en su caso, el editor haya incluido en una p\u00e1gina web, aplicaci\u00f3n o plataforma desde la que presta el servicio solicitado. Este tipo de cookies almacenan informaci\u00f3n del comportamiento de los visitantes, obtenida a trav\u00e9s de la observaci\u00f3n continuada de sus h\u00e1bitos de navegaci\u00f3n, lo que permite desarrollar un perfil espec\u00edfico para mostrar avisos publicitarios en funci\u00f3n del mismo.<\/li>\n\n\n\n<li><strong>Cookies de terceros.&nbsp;<\/strong>La web de&nbsp;<strong>FAETEDA (Federaci\u00f3n Estatal de Asociaciones de Empresas Productoras de Teatro y Danza)<\/strong>&nbsp;puede utilizar&nbsp;servicios de terceros que, por cuenta de&nbsp;<strong>FAETEDA<\/strong>, recopilar\u00e1n informaci\u00f3n con fines estad\u00edsticos, de uso del sitio web por parte del Usuario y para la prestaci\u00f3n de otros servicios relacionados con la actividad del sitio web y otros servicios de internet.\n<ul class=\"wp-block-list\">\n<li>En particular, este sitio web utiliza\u00a0<strong>Google Analytics<\/strong>, un servicio anal\u00edtico de web prestado por Google, Inc. con domicilio en los Estados Unidos, con sede central en 1600 Amphitheatre Parkway, Mountain View, California 94043.\u00a0 Para la prestaci\u00f3n de estos servicios, utilizan cookies que recopilan la informaci\u00f3n, incluida la direcci\u00f3n IP del usuario, que ser\u00e1 transmitida, tratada y almacenada por Google en los t\u00e9rminos fijados en la web\u00a0<a href=\"http:\/\/www.google.com\/\" target=\"_blank\" rel=\"noreferrer noopener\">www.google.com<\/a>. Incluyendo la posible transmisi\u00f3n de dicha informaci\u00f3n a terceros por razones de exigencia legal o cuando dichos terceros procesen la informaci\u00f3n por cuenta de Google.<\/li>\n\n\n\n<li>Adem\u00e1s, esta p\u00e1gina web es usuaria de\u00a0<strong>WordPress<\/strong>, que es un sistema de gesti\u00f3n de contenidos enfocado a la creaci\u00f3n de la p\u00e1gina web y que es propiedad de la empresa norteamericana Automattic, Inc. Est\u00e1 desarrollado en el lenguaje\u00a0<a href=\"https:\/\/es.wikipedia.org\/wiki\/PHP\" target=\"_blank\" rel=\"noreferrer noopener\">PHP<\/a>\u00a0para entornos que ejecuten\u00a0<a href=\"https:\/\/es.wikipedia.org\/wiki\/MySQL\" target=\"_blank\" rel=\"noreferrer noopener\">MySQL<\/a>\u00a0y\u00a0<a href=\"https:\/\/es.wikipedia.org\/wiki\/Servidor_HTTP_Apache\" target=\"_blank\" rel=\"noreferrer noopener\">Apache<\/a>, bajo licencia\u00a0<a href=\"https:\/\/es.wikipedia.org\/wiki\/GNU_General_Public_License\" target=\"_blank\" rel=\"noreferrer noopener\">GPL<\/a>\u00a0y es\u00a0<a href=\"https:\/\/es.wikipedia.org\/wiki\/Software_libre\" target=\"_blank\" rel=\"noreferrer noopener\">software libre<\/a>. A tales efectos, los usos de tales cookies por los sistemas nunca est\u00e1n bajo control o gesti\u00f3n de la responsable de la web, pueden cambiar su funci\u00f3n en cualquier momento y entrar cookies nuevas. Estas cookies tampoco reportan a la responsable de esta web beneficio alguno. Automattic, Inc., utiliza, adem\u00e1s, otras cookies con la finalidad de ayudar a identificar y rastrear a los visitantes de los sitios de WordPress, conocer el uso que hacen del sitio web de Automattic, as\u00ed como sus preferencias de acceso al mismo, tal y como se recoge en el apartado \u201cCookies\u201d de su sitio web.<\/li>\n<\/ul>\n<\/li>\n\n\n\n<li><strong>Cookies de redes sociales.&nbsp;<\/strong>Las cookies de redes sociales pueden almacenarse en su navegador mientras navega por&nbsp;<a href=\"http:\/\/www.faeteda.org\/\" target=\"_blank\" rel=\"noreferrer noopener\"><strong>www.faeteda.org<\/strong><\/a>,&nbsp;por ejemplo, cuando utiliza el bot\u00f3n de compartir contenidos de&nbsp;<a href=\"http:\/\/www.faeteda.org\/\" target=\"_blank\" rel=\"noreferrer noopener\"><strong>www.faeteda.org&nbsp;<\/strong><\/a>en alguna red social. Las empresas que generan estas cookies correspondientes a las redes sociales que utiliza esta web tienen sus propias pol\u00edticas de cookies.\n<ul class=\"wp-block-list\">\n<li><strong>Facebook.<\/strong>\u00a0<a href=\"https:\/\/www.facebook.com\/policies\/cookies\/\" target=\"_blank\" rel=\"noreferrer noopener\">https:\/\/www.facebook.com\/policies\/cookies\/<\/a><\/li>\n\n\n\n<li><strong>Twitter.<\/strong>\u00a0<a href=\"https:\/\/twitter.com\/es\/privacy\" target=\"_blank\" rel=\"noreferrer noopener\">https:\/\/twitter.com\/es\/privacy<\/a><\/li>\n\n\n\n<li><strong>Instagram.<\/strong>\u00a0<a href=\"https:\/\/help.instagram.com\/1896641480634370?ref=ig\" target=\"_blank\" rel=\"noreferrer noopener\">https:\/\/help.instagram.com\/1896641480634370?ref=ig<\/a><\/li>\n\n\n\n<li><strong>Youtube.<\/strong>\u00a0<a href=\"https:\/\/www.youtube.com\/intl\/es\/yt\/about\/policies\/#community-guidelines\" target=\"_blank\" rel=\"noreferrer noopener\">https:\/\/www.youtube.com\/intl\/es\/yt\/about\/policies\/#community-guidelines<\/a><\/li>\n\n\n\n<li><strong>Google+ y Google Maps.<\/strong>\u00a0<a href=\"https:\/\/policies.google.com\/technologies\/cookies?hl=es\" target=\"_blank\" rel=\"noreferrer noopener\">https:\/\/policies.google.com\/technologies\/cookies?hl=es<\/a><\/li>\n\n\n\n<li><strong>LinkedIn.<\/strong>\u00a0<a href=\"https:\/\/www.linkedin.com\/legal\/cookie-policy?trk=hp-cookies\" target=\"_blank\" rel=\"noreferrer noopener\">https:\/\/www.linkedin.com\/legal\/cookie-policy?trk=hp-cookies<\/a><\/li>\n\n\n\n<li><strong>WordPress.<\/strong>\u00a0<a href=\"https:\/\/es.wordpress.org\/about\/privacy\/\" target=\"_blank\" rel=\"noreferrer noopener\">https:\/\/es.wordpress.org\/about\/privacy\/<\/a><\/li>\n\n\n\n<li><strong>Vimeo.<\/strong>\u00a0<a href=\"https:\/\/vimeo.com\/privacy\" target=\"_blank\" rel=\"noreferrer noopener\">https:\/\/vimeo.com\/privacy<\/a><\/li>\n<\/ul>\n<\/li>\n<\/ul>\n\n\n\n<h4 class=\"wp-block-heading\"><strong>Consentimiento informado al uso de cookies<\/strong><\/h4>\n\n\n\n<p>El Usuario acepta expresamente, por la utilizaci\u00f3n de este sitio web, el tratamiento de la informaci\u00f3n recabada en la forma y con los fines anteriormente mencionados. Asimismo, reconoce conocer la posibilidad de rechazar el tratamiento de tales datos o informaci\u00f3n rechazando el uso de cookies mediante la selecci\u00f3n de la configuraci\u00f3n apropiada a tal fin en su navegador. Si bien esta opci\u00f3n de bloqueo de cookies en su navegador puede no permitirle el uso pleno de todas las funcionalidades del sitio web.<\/p>\n\n\n\n<h4 class=\"wp-block-heading\"><strong>Instrucciones para desactivar las cookies<\/strong><\/h4>\n\n\n\n<p>Puede usted permitir, bloquear o eliminar las cookies instaladas en su equipo mediante la configuraci\u00f3n de las opciones del navegador instalado en su ordenador.<\/p>\n\n\n\n<p>En la mayor\u00eda de los navegadores web se ofrece la posibilidad de permitir, bloquear o eliminar las cookies instaladas en su equipo.<\/p>\n\n\n\n<p>A continuaci\u00f3n, puede acceder a la configuraci\u00f3n de los navegadores webs m\u00e1s frecuentes para aceptar, instalar o desactivar las cookies:<\/p>\n\n\n\n<ul class=\"wp-block-list\">\n<li><a href=\"https:\/\/support.google.com\/chrome\/answer\/95647?hl=es\" target=\"_blank\" rel=\"noreferrer noopener\">Configurar cookies en Google Chrome<\/a><\/li>\n\n\n\n<li><a href=\"http:\/\/windows.microsoft.com\/es-es\/windows7\/how-to-manage-cookies-in-internet-explorer-9\" target=\"_blank\" rel=\"noreferrer noopener\">Configurar cookies en Microsoft Internet Explorer<\/a><\/li>\n\n\n\n<li><a href=\"https:\/\/support.mozilla.org\/es\/kb\/habilitar-y-deshabilitar-cookies-sitios-web-rastrear-preferencias?redirectlocale=es&amp;redirectslug=habilitar-y-deshabilitar-cookies-que-los-sitios-we\" target=\"_blank\" rel=\"noreferrer noopener\">Configurar cookies en Mozilla Firefox<\/a><\/li>\n\n\n\n<li><a href=\"https:\/\/support.apple.com\/es-es\/HT201265\" target=\"_blank\" rel=\"noreferrer noopener\">Configurar cookies en Safari (Apple)<\/a><\/li>\n<\/ul>\n\n\n\n<p>Si tiene dudas sobre esta pol\u00edtica de cookies, puede contactar con\u00a0<strong>FAETEDA (Federaci\u00f3n Estatal de Asociaciones de Empresas Productoras de Teatro y Danza)<\/strong>\u00a0en\u00a0<a href=\"mailto:info@faeteda.org\" target=\"_blank\" rel=\"noreferrer noopener\">info@faeteda.org<\/a><\/p>\n\n\n\n<p>Puede consultar el reglamento sobre cookies publicado por la Agencia Espa\u00f1ola de Protecci\u00f3n de Datos en su\u00a0<strong>\u201cGu\u00eda sobre el uso de las cookies\u201d<\/strong>\u00a0y obtener m\u00e1s informaci\u00f3n sobre las cookies en internet:\u00a0<strong><a href=\"http:\/\/www.aboutcookies.org\/\" target=\"_blank\" rel=\"noreferrer noopener\">http:\/\/www.aboutcookies.org\/<\/a><\/strong><\/p>\n<\/div>\n<\/div>\n<\/div>\n","protected":false},"excerpt":{"rendered":"<p>Introducci\u00f3n Mediante el presente aviso esta p\u00e1gina web\u00a0www.faeteda.org\u00a0y su titular\u00a0FAETEDA (Federaci\u00f3n Estatal de Asociaciones de Empresas Productoras de Teatro y Danza)\u00a0le informa de su\u00a0pol\u00edtica de recogida y tratamiento cookies, cumpliendo as\u00ed con lo previsto en el art\u00edculo 22.2 de la Ley 34\/2002, de 11 de julio de Servicios de la Sociedad de la Informaci\u00f3n y [&hellip;]<\/p>\n","protected":false},"author":2,"featured_media":0,"parent":0,"menu_order":0,"comment_status":"closed","ping_status":"closed","template":"","meta":{"_acf_changed":false,"_editorskit_title_hidden":false,"_editorskit_reading_time":0,"_editorskit_is_block_options_detached":false,"_editorskit_block_options_position":"{}","footnotes":""},"class_list":["post-51043","page","type-page","status-publish","hentry"],"acf":[],"yoast_head":"<!-- This site is optimized with the Yoast SEO plugin v27.3 - https:\/\/yoast.com\/product\/yoast-seo-wordpress\/ -->\n<title>Cookies policy - Faeteda<\/title>\n<meta name=\"robots\" content=\"index, follow, max-snippet:-1, max-image-preview:large, max-video-preview:-1\" \/>\n<link rel=\"canonical\" href=\"https:\/\/www.faeteda.org\/en\/cookies-policy\/\" \/>\n<meta property=\"og:locale\" content=\"en_US\" \/>\n<meta property=\"og:type\" content=\"article\" \/>\n<meta property=\"og:title\" content=\"Cookies policy - Faeteda\" \/>\n<meta property=\"og:description\" content=\"Introducci\u00f3n Mediante el presente aviso esta p\u00e1gina web\u00a0www.faeteda.org\u00a0y su titular\u00a0FAETEDA (Federaci\u00f3n Estatal de Asociaciones de Empresas Productoras de Teatro y Danza)\u00a0le informa de su\u00a0pol\u00edtica de recogida y tratamiento cookies, cumpliendo as\u00ed con lo previsto en el art\u00edculo 22.2 de la Ley 34\/2002, de 11 de julio de Servicios de la Sociedad de la Informaci\u00f3n y [&hellip;]\" \/>\n<meta property=\"og:url\" content=\"https:\/\/www.faeteda.org\/en\/cookies-policy\/\" \/>\n<meta property=\"og:site_name\" content=\"Faeteda\" \/>\n<meta property=\"article:modified_time\" content=\"2024-03-13T09:17:11+00:00\" \/>\n<meta name=\"twitter:card\" content=\"summary_large_image\" \/>\n<meta name=\"twitter:label1\" content=\"Est. reading time\" \/>\n\t<meta name=\"twitter:data1\" content=\"9 minutes\" \/>\n<script type=\"application\/ld+json\" class=\"yoast-schema-graph\">{\"@context\":\"https:\\\/\\\/schema.org\",\"@graph\":[{\"@type\":\"WebPage\",\"@id\":\"https:\\\/\\\/www.faeteda.org\\\/en\\\/cookies-policy\\\/\",\"url\":\"https:\\\/\\\/www.faeteda.org\\\/en\\\/cookies-policy\\\/\",\"name\":\"Cookies policy - Faeteda\",\"isPartOf\":{\"@id\":\"http:\\\/\\\/www.faeteda.org\\\/en\\\/#website\"},\"datePublished\":\"2018-06-28T11:16:20+00:00\",\"dateModified\":\"2024-03-13T09:17:11+00:00\",\"breadcrumb\":{\"@id\":\"https:\\\/\\\/www.faeteda.org\\\/en\\\/cookies-policy\\\/#breadcrumb\"},\"inLanguage\":\"en-US\",\"potentialAction\":[{\"@type\":\"ReadAction\",\"target\":[\"https:\\\/\\\/www.faeteda.org\\\/en\\\/cookies-policy\\\/\"]}]},{\"@type\":\"BreadcrumbList\",\"@id\":\"https:\\\/\\\/www.faeteda.org\\\/en\\\/cookies-policy\\\/#breadcrumb\",\"itemListElement\":[{\"@type\":\"ListItem\",\"position\":1,\"name\":\"Portada\",\"item\":\"https:\\\/\\\/www.faeteda.org\\\/en\\\/portada\\\/\"},{\"@type\":\"ListItem\",\"position\":2,\"name\":\"Cookies policy\"}]},{\"@type\":\"WebSite\",\"@id\":\"http:\\\/\\\/www.faeteda.org\\\/en\\\/#website\",\"url\":\"http:\\\/\\\/www.faeteda.org\\\/en\\\/\",\"name\":\"Faeteda\",\"description\":\"Federaci\u00f3n Estatal de Asociaciones de Empresas de Teatro y Danza\",\"potentialAction\":[{\"@type\":\"SearchAction\",\"target\":{\"@type\":\"EntryPoint\",\"urlTemplate\":\"http:\\\/\\\/www.faeteda.org\\\/en\\\/?s={search_term_string}\"},\"query-input\":{\"@type\":\"PropertyValueSpecification\",\"valueRequired\":true,\"valueName\":\"search_term_string\"}}],\"inLanguage\":\"en-US\"}]}<\/script>\n<!-- \/ Yoast SEO plugin. -->","yoast_head_json":{"title":"Cookies policy - Faeteda","robots":{"index":"index","follow":"follow","max-snippet":"max-snippet:-1","max-image-preview":"max-image-preview:large","max-video-preview":"max-video-preview:-1"},"canonical":"https:\/\/www.faeteda.org\/en\/cookies-policy\/","og_locale":"en_US","og_type":"article","og_title":"Cookies policy - Faeteda","og_description":"Introducci\u00f3n Mediante el presente aviso esta p\u00e1gina web\u00a0www.faeteda.org\u00a0y su titular\u00a0FAETEDA (Federaci\u00f3n Estatal de Asociaciones de Empresas Productoras de Teatro y Danza)\u00a0le informa de su\u00a0pol\u00edtica de recogida y tratamiento cookies, cumpliendo as\u00ed con lo previsto en el art\u00edculo 22.2 de la Ley 34\/2002, de 11 de julio de Servicios de la Sociedad de la Informaci\u00f3n y [&hellip;]","og_url":"https:\/\/www.faeteda.org\/en\/cookies-policy\/","og_site_name":"Faeteda","article_modified_time":"2024-03-13T09:17:11+00:00","twitter_card":"summary_large_image","twitter_misc":{"Est. reading time":"9 minutes"},"schema":{"@context":"https:\/\/schema.org","@graph":[{"@type":"WebPage","@id":"https:\/\/www.faeteda.org\/en\/cookies-policy\/","url":"https:\/\/www.faeteda.org\/en\/cookies-policy\/","name":"Cookies policy - Faeteda","isPartOf":{"@id":"http:\/\/www.faeteda.org\/en\/#website"},"datePublished":"2018-06-28T11:16:20+00:00","dateModified":"2024-03-13T09:17:11+00:00","breadcrumb":{"@id":"https:\/\/www.faeteda.org\/en\/cookies-policy\/#breadcrumb"},"inLanguage":"en-US","potentialAction":[{"@type":"ReadAction","target":["https:\/\/www.faeteda.org\/en\/cookies-policy\/"]}]},{"@type":"BreadcrumbList","@id":"https:\/\/www.faeteda.org\/en\/cookies-policy\/#breadcrumb","itemListElement":[{"@type":"ListItem","position":1,"name":"Portada","item":"https:\/\/www.faeteda.org\/en\/portada\/"},{"@type":"ListItem","position":2,"name":"Cookies policy"}]},{"@type":"WebSite","@id":"http:\/\/www.faeteda.org\/en\/#website","url":"http:\/\/www.faeteda.org\/en\/","name":"Faeteda","description":"Federaci\u00f3n Estatal de Asociaciones de Empresas de Teatro y Danza","potentialAction":[{"@type":"SearchAction","target":{"@type":"EntryPoint","urlTemplate":"http:\/\/www.faeteda.org\/en\/?s={search_term_string}"},"query-input":{"@type":"PropertyValueSpecification","valueRequired":true,"valueName":"search_term_string"}}],"inLanguage":"en-US"}]}},"_links":{"self":[{"href":"https:\/\/www.faeteda.org\/en\/wp-json\/wp\/v2\/pages\/51043","targetHints":{"allow":["GET"]}}],"collection":[{"href":"https:\/\/www.faeteda.org\/en\/wp-json\/wp\/v2\/pages"}],"about":[{"href":"https:\/\/www.faeteda.org\/en\/wp-json\/wp\/v2\/types\/page"}],"author":[{"embeddable":true,"href":"https:\/\/www.faeteda.org\/en\/wp-json\/wp\/v2\/users\/2"}],"replies":[{"embeddable":true,"href":"https:\/\/www.faeteda.org\/en\/wp-json\/wp\/v2\/comments?post=51043"}],"version-history":[{"count":0,"href":"https:\/\/www.faeteda.org\/en\/wp-json\/wp\/v2\/pages\/51043\/revisions"}],"wp:attachment":[{"href":"https:\/\/www.faeteda.org\/en\/wp-json\/wp\/v2\/media?parent=51043"}],"curies":[{"name":"wp","href":"https:\/\/api.w.org\/{rel}","templated":true}]}}