{"id":51078,"date":"2019-03-21T16:07:43","date_gmt":"2019-03-21T15:07:43","guid":{"rendered":"https:\/\/www.faeteda.org\/texts-of-interest\/"},"modified":"2024-03-14T14:29:08","modified_gmt":"2024-03-14T13:29:08","slug":"texts-of-interest","status":"publish","type":"page","link":"https:\/\/www.faeteda.org\/en\/texts-of-interest\/","title":{"rendered":"Texts of interest"},"content":{"rendered":"\n<div class=\"wp-block-cover alignfull has-custom-content-position is-position-bottom-left hero inner-container-alignwide\" style=\"padding-top:10px;padding-right:20px;padding-bottom:10px;padding-left:20px;min-height:180px;aspect-ratio:unset;\"><span aria-hidden=\"true\" class=\"wp-block-cover__background has-primary-background-color has-background-dim-100 has-background-dim\"><\/span><div class=\"wp-block-cover__inner-container is-layout-flow wp-block-cover-is-layout-flow\"><h1 class=\"wp-block-post-title has-text-color has-background-color\">Texts of interest<\/h1><\/div><\/div>\n\n<section class=\"wp-block-group has-global-padding is-layout-constrained wp-block-group-is-layout-constrained\">\n<div class=\"wp-block-group align-vertical-for-small-only is-nowrap is-layout-flex wp-container-core-group-is-layout-6c531013 wp-block-group-is-layout-flex\">\n<div class=\"wp-block-cover has-custom-content-position is-position-bottom-left card-cover wp-container-content-0733e5d0\" style=\"border-top-left-radius:20px;border-top-right-radius:6px;border-bottom-left-radius:6px;border-bottom-right-radius:20px\"><span aria-hidden=\"true\" class=\"wp-block-cover__background has-background-dim-60 has-background-dim wp-block-cover__gradient-background has-background-gradient has-custom-vertical-transparent-to-black-gradient-background\"><\/span><img loading=\"lazy\" decoding=\"async\" width=\"2560\" height=\"1922\" class=\"wp-block-cover__image-background wp-image-58457\" alt=\"\" src=\"http:\/\/www.faeteda.org\/wp-content\/uploads\/2024\/02\/per-loov-oXqn2CXC_9Q-unsplash-scaled.jpg\" data-object-fit=\"cover\" srcset=\"https:\/\/www.faeteda.org\/wp-content\/uploads\/2024\/02\/per-loov-oXqn2CXC_9Q-unsplash-scaled.jpg 2560w, https:\/\/www.faeteda.org\/wp-content\/uploads\/2024\/02\/per-loov-oXqn2CXC_9Q-unsplash-300x225.jpg 300w, https:\/\/www.faeteda.org\/wp-content\/uploads\/2024\/02\/per-loov-oXqn2CXC_9Q-unsplash-1124x844.jpg 1124w, https:\/\/www.faeteda.org\/wp-content\/uploads\/2024\/02\/per-loov-oXqn2CXC_9Q-unsplash-800x601.jpg 800w, https:\/\/www.faeteda.org\/wp-content\/uploads\/2024\/02\/per-loov-oXqn2CXC_9Q-unsplash-1536x1153.jpg 1536w, https:\/\/www.faeteda.org\/wp-content\/uploads\/2024\/02\/per-loov-oXqn2CXC_9Q-unsplash-2048x1538.jpg 2048w, https:\/\/www.faeteda.org\/wp-content\/uploads\/2024\/02\/per-loov-oXqn2CXC_9Q-unsplash-1500x1126.jpg 1500w\" sizes=\"auto, (max-width: 2560px) 100vw, 2560px\" \/><div class=\"wp-block-cover__inner-container is-layout-flow wp-block-cover-is-layout-flow\">\n<div class=\"wp-block-group has-background-color has-text-color has-link-color wp-elements-fadef55566c77d2d96b1ce41f89d417e has-global-padding is-content-justification-left is-layout-constrained wp-container-core-group-is-layout-3540e7cd wp-block-group-is-layout-constrained\">\n<p class=\"has-medium-large-font-size\" style=\"font-style:normal;font-weight:300;line-height:1;text-transform:none\"><a href=\"https:\/\/www.faeteda.org\/en\/doc\/tools-for-cultural-management\/\" class=\"ek-link\">Herramientas<br\/>para la Gesti\u00f3n<br\/>Cultural<\/a><\/p>\n\n\n\n<p class=\"has-small-font-size\" style=\"text-transform:none\">Gu\u00edas que buscan ayudar a mejorar la eficiencia en el trabajo de los gestores culturales dedicados a las artes esc\u00e9nicas.<\/p>\n<\/div>\n<\/div><\/div>\n\n\n\n<div class=\"wp-block-cover has-custom-content-position is-position-bottom-left card-cover wp-container-content-0733e5d0\" style=\"border-top-left-radius:20px;border-top-right-radius:6px;border-bottom-left-radius:6px;border-bottom-right-radius:20px\"><span aria-hidden=\"true\" class=\"wp-block-cover__background has-background-dim-60 has-background-dim wp-block-cover__gradient-background has-background-gradient has-custom-vertical-transparent-to-black-gradient-background\"><\/span><img loading=\"lazy\" decoding=\"async\" width=\"2560\" height=\"1707\" class=\"wp-block-cover__image-background wp-image-58459\" alt=\"\" src=\"http:\/\/www.faeteda.org\/wp-content\/uploads\/2024\/02\/bbc-creative-UqUn_e1HLgM-unsplash-scaled.jpg\" data-object-fit=\"cover\" srcset=\"https:\/\/www.faeteda.org\/wp-content\/uploads\/2024\/02\/bbc-creative-UqUn_e1HLgM-unsplash-scaled.jpg 2560w, https:\/\/www.faeteda.org\/wp-content\/uploads\/2024\/02\/bbc-creative-UqUn_e1HLgM-unsplash-300x200.jpg 300w, https:\/\/www.faeteda.org\/wp-content\/uploads\/2024\/02\/bbc-creative-UqUn_e1HLgM-unsplash-1124x749.jpg 1124w, https:\/\/www.faeteda.org\/wp-content\/uploads\/2024\/02\/bbc-creative-UqUn_e1HLgM-unsplash-800x533.jpg 800w, https:\/\/www.faeteda.org\/wp-content\/uploads\/2024\/02\/bbc-creative-UqUn_e1HLgM-unsplash-1536x1024.jpg 1536w, https:\/\/www.faeteda.org\/wp-content\/uploads\/2024\/02\/bbc-creative-UqUn_e1HLgM-unsplash-2048x1365.jpg 2048w, https:\/\/www.faeteda.org\/wp-content\/uploads\/2024\/02\/bbc-creative-UqUn_e1HLgM-unsplash-1500x1000.jpg 1500w\" sizes=\"auto, (max-width: 2560px) 100vw, 2560px\" \/><div class=\"wp-block-cover__inner-container is-layout-flow wp-block-cover-is-layout-flow\">\n<div class=\"wp-block-group has-background-color has-text-color has-link-color ek-linked-block wp-elements-000f8c2eb7f6403a2f9761f2bac0e240 has-global-padding is-content-justification-left is-layout-constrained wp-container-core-group-is-layout-3540e7cd wp-block-group-is-layout-constrained\">\n<p class=\"has-medium-large-font-size\" style=\"font-style:normal;font-weight:300;line-height:1;text-transform:none\"><a href=\"https:\/\/www.faeteda.org\/en\/doc\/cultural-and-creative-industries\/\" class=\"ek-link\">Industrias<br\/>Culturales y<br\/>Creativas<\/a><\/p>\n\n\n\n<p class=\"has-small-font-size\" style=\"text-transform:none\">Publicaciones enfocadas a la producci\u00f3n, promoci\u00f3n, y difusi\u00f3n de bienes y servicios de contenido cultural y art\u00edstico.<\/p>\n<a href=\"http:\/\/www.faeteda.org\/doc\/industrias-culturales-y-creativas\/\" class=\"editorskit-block-link\" rel=\"\"><\/a><\/div>\n<\/div><\/div>\n\n\n\n<div class=\"wp-block-cover has-custom-content-position is-position-bottom-left card-cover wp-container-content-0733e5d0\" style=\"border-top-left-radius:20px;border-top-right-radius:6px;border-bottom-left-radius:6px;border-bottom-right-radius:20px\"><span aria-hidden=\"true\" class=\"wp-block-cover__background has-background-dim-60 has-background-dim wp-block-cover__gradient-background has-background-gradient has-custom-vertical-transparent-to-black-gradient-background\"><\/span><img loading=\"lazy\" decoding=\"async\" width=\"2560\" height=\"1498\" class=\"wp-block-cover__image-background wp-image-58461\" alt=\"\" src=\"http:\/\/www.faeteda.org\/wp-content\/uploads\/2024\/02\/christian-lue-8Yw6tsB8tnc-unsplash-scaled.jpg\" data-object-fit=\"cover\" srcset=\"https:\/\/www.faeteda.org\/wp-content\/uploads\/2024\/02\/christian-lue-8Yw6tsB8tnc-unsplash-scaled.jpg 2560w, https:\/\/www.faeteda.org\/wp-content\/uploads\/2024\/02\/christian-lue-8Yw6tsB8tnc-unsplash-300x176.jpg 300w, https:\/\/www.faeteda.org\/wp-content\/uploads\/2024\/02\/christian-lue-8Yw6tsB8tnc-unsplash-1124x658.jpg 1124w, https:\/\/www.faeteda.org\/wp-content\/uploads\/2024\/02\/christian-lue-8Yw6tsB8tnc-unsplash-800x468.jpg 800w, https:\/\/www.faeteda.org\/wp-content\/uploads\/2024\/02\/christian-lue-8Yw6tsB8tnc-unsplash-1536x899.jpg 1536w, https:\/\/www.faeteda.org\/wp-content\/uploads\/2024\/02\/christian-lue-8Yw6tsB8tnc-unsplash-2048x1198.jpg 2048w, https:\/\/www.faeteda.org\/wp-content\/uploads\/2024\/02\/christian-lue-8Yw6tsB8tnc-unsplash-1500x878.jpg 1500w\" sizes=\"auto, (max-width: 2560px) 100vw, 2560px\" \/><div class=\"wp-block-cover__inner-container is-layout-flow wp-block-cover-is-layout-flow\">\n<div class=\"wp-block-group has-background-color has-text-color has-link-color ek-linked-block wp-elements-1bfdcd274f1e1f6a65de2cd8dab546ec has-global-padding is-content-justification-left is-layout-constrained wp-container-core-group-is-layout-3540e7cd wp-block-group-is-layout-constrained\">\n<p class=\"has-medium-large-font-size\" style=\"font-style:normal;font-weight:300;line-height:1;text-transform:none\"><a href=\"https:\/\/www.faeteda.org\/en\/doc\/state-and-european-regulations\/\" class=\"ek-link\">Normativa Estatal y Europea<\/a><\/p>\n\n\n\n<p class=\"has-small-font-size\" style=\"text-transform:none\">Lecturas para estar al d\u00eda de las medidas que se toman a nivel estatal y europeo, en materia de cultura y artes esc\u00e9nicas.<\/p>\n<a href=\"http:\/\/www.faeteda.org\/doc\/normativa-estatal-y-europea\/\" class=\"editorskit-block-link\" rel=\"\"><\/a><\/div>\n<\/div><\/div>\n\n\n\n<div class=\"wp-block-cover has-custom-content-position is-position-bottom-left card-cover wp-container-content-0733e5d0\" style=\"border-top-left-radius:20px;border-top-right-radius:6px;border-bottom-left-radius:6px;border-bottom-right-radius:20px\"><span aria-hidden=\"true\" class=\"wp-block-cover__background has-background-dim-60 has-background-dim wp-block-cover__gradient-background has-background-gradient has-custom-vertical-transparent-to-black-gradient-background\"><\/span><img loading=\"lazy\" decoding=\"async\" width=\"2560\" height=\"2048\" class=\"wp-block-cover__image-background wp-image-58464\" alt=\"\" src=\"http:\/\/www.faeteda.org\/wp-content\/uploads\/2024\/02\/clay-banks-no2blvVYoJw-unsplash-scaled.jpg\" data-object-fit=\"cover\" srcset=\"https:\/\/www.faeteda.org\/wp-content\/uploads\/2024\/02\/clay-banks-no2blvVYoJw-unsplash-scaled.jpg 2560w, https:\/\/www.faeteda.org\/wp-content\/uploads\/2024\/02\/clay-banks-no2blvVYoJw-unsplash-300x240.jpg 300w, https:\/\/www.faeteda.org\/wp-content\/uploads\/2024\/02\/clay-banks-no2blvVYoJw-unsplash-1124x899.jpg 1124w, https:\/\/www.faeteda.org\/wp-content\/uploads\/2024\/02\/clay-banks-no2blvVYoJw-unsplash-800x640.jpg 800w, https:\/\/www.faeteda.org\/wp-content\/uploads\/2024\/02\/clay-banks-no2blvVYoJw-unsplash-1536x1229.jpg 1536w, https:\/\/www.faeteda.org\/wp-content\/uploads\/2024\/02\/clay-banks-no2blvVYoJw-unsplash-2048x1638.jpg 2048w, https:\/\/www.faeteda.org\/wp-content\/uploads\/2024\/02\/clay-banks-no2blvVYoJw-unsplash-1500x1200.jpg 1500w\" sizes=\"auto, (max-width: 2560px) 100vw, 2560px\" \/><div class=\"wp-block-cover__inner-container is-layout-flow wp-block-cover-is-layout-flow\">\n<div class=\"wp-block-group has-background-color has-text-color has-link-color ek-linked-block wp-elements-035db758c0aa98b2dc7bf96819ebd6ae has-global-padding is-content-justification-left is-layout-constrained wp-container-core-group-is-layout-3540e7cd wp-block-group-is-layout-constrained\">\n<p class=\"has-medium-large-font-size\" style=\"font-style:normal;font-weight:300;line-height:1;text-transform:none\"><a href=\"https:\/\/www.faeteda.org\/en\/doc\/cultural-statistics\/\" class=\"ek-link\">Estad\u00edsticas Culturales<\/a><\/p>\n\n\n\n<p class=\"has-small-font-size\" style=\"text-transform:none\">Documentos y estudios que recogen los datos del sector cultural, a\u00f1o tras a\u00f1o, a nivel estatal, regional e internacional.<\/p>\n<a href=\"http:\/\/www.faeteda.org\/doc\/estadisticas-culturales\/\" class=\"editorskit-block-link\" rel=\"\"><\/a><\/div>\n<\/div><\/div>\n<\/div>\n<\/section>\n","protected":false},"excerpt":{"rendered":"","protected":false},"author":2,"featured_media":0,"parent":0,"menu_order":0,"comment_status":"closed","ping_status":"closed","template":"","meta":{"_acf_changed":false,"_editorskit_title_hidden":false,"_editorskit_reading_time":0,"_editorskit_is_block_options_detached":false,"_editorskit_block_options_position":"{}","footnotes":""},"class_list":["post-51078","page","type-page","status-publish","hentry"],"acf":[],"yoast_head":"<!-- This site is optimized with the Yoast SEO plugin v27.4 - https:\/\/yoast.com\/product\/yoast-seo-wordpress\/ -->\n<title>Texts of interest - Faeteda<\/title>\n<meta name=\"robots\" content=\"index, follow, max-snippet:-1, max-image-preview:large, max-video-preview:-1\" \/>\n<link rel=\"canonical\" href=\"https:\/\/www.faeteda.org\/en\/texts-of-interest\/\" \/>\n<meta property=\"og:locale\" content=\"en_US\" \/>\n<meta property=\"og:type\" content=\"article\" \/>\n<meta property=\"og:title\" content=\"Texts of interest - Faeteda\" \/>\n<meta property=\"og:url\" content=\"https:\/\/www.faeteda.org\/en\/texts-of-interest\/\" \/>\n<meta property=\"og:site_name\" content=\"Faeteda\" \/>\n<meta property=\"article:modified_time\" content=\"2024-03-14T13:29:08+00:00\" \/>\n<meta name=\"twitter:card\" content=\"summary_large_image\" \/>\n<meta name=\"twitter:label1\" content=\"Est. reading time\" \/>\n\t<meta name=\"twitter:data1\" content=\"1 minute\" \/>\n<script type=\"application\/ld+json\" class=\"yoast-schema-graph\">{\"@context\":\"https:\\\/\\\/schema.org\",\"@graph\":[{\"@type\":\"WebPage\",\"@id\":\"https:\\\/\\\/www.faeteda.org\\\/en\\\/texts-of-interest\\\/\",\"url\":\"https:\\\/\\\/www.faeteda.org\\\/en\\\/texts-of-interest\\\/\",\"name\":\"Texts of interest - Faeteda\",\"isPartOf\":{\"@id\":\"http:\\\/\\\/www.faeteda.org\\\/en\\\/#website\"},\"primaryImageOfPage\":{\"@id\":\"https:\\\/\\\/www.faeteda.org\\\/en\\\/texts-of-interest\\\/#primaryimage\"},\"image\":{\"@id\":\"https:\\\/\\\/www.faeteda.org\\\/en\\\/texts-of-interest\\\/#primaryimage\"},\"thumbnailUrl\":\"http:\\\/\\\/www.faeteda.org\\\/wp-content\\\/uploads\\\/2024\\\/02\\\/per-loov-oXqn2CXC_9Q-unsplash-scaled.jpg\",\"datePublished\":\"2019-03-21T15:07:43+00:00\",\"dateModified\":\"2024-03-14T13:29:08+00:00\",\"breadcrumb\":{\"@id\":\"https:\\\/\\\/www.faeteda.org\\\/en\\\/texts-of-interest\\\/#breadcrumb\"},\"inLanguage\":\"en-US\",\"potentialAction\":[{\"@type\":\"ReadAction\",\"target\":[\"https:\\\/\\\/www.faeteda.org\\\/en\\\/texts-of-interest\\\/\"]}]},{\"@type\":\"ImageObject\",\"inLanguage\":\"en-US\",\"@id\":\"https:\\\/\\\/www.faeteda.org\\\/en\\\/texts-of-interest\\\/#primaryimage\",\"url\":\"http:\\\/\\\/www.faeteda.org\\\/wp-content\\\/uploads\\\/2024\\\/02\\\/per-loov-oXqn2CXC_9Q-unsplash-scaled.jpg\",\"contentUrl\":\"http:\\\/\\\/www.faeteda.org\\\/wp-content\\\/uploads\\\/2024\\\/02\\\/per-loov-oXqn2CXC_9Q-unsplash-scaled.jpg\"},{\"@type\":\"BreadcrumbList\",\"@id\":\"https:\\\/\\\/www.faeteda.org\\\/en\\\/texts-of-interest\\\/#breadcrumb\",\"itemListElement\":[{\"@type\":\"ListItem\",\"position\":1,\"name\":\"Portada\",\"item\":\"https:\\\/\\\/www.faeteda.org\\\/en\\\/portada\\\/\"},{\"@type\":\"ListItem\",\"position\":2,\"name\":\"Texts of interest\"}]},{\"@type\":\"WebSite\",\"@id\":\"http:\\\/\\\/www.faeteda.org\\\/en\\\/#website\",\"url\":\"http:\\\/\\\/www.faeteda.org\\\/en\\\/\",\"name\":\"Faeteda\",\"description\":\"Federaci\u00f3n Estatal de Asociaciones de Empresas de Teatro y Danza\",\"potentialAction\":[{\"@type\":\"SearchAction\",\"target\":{\"@type\":\"EntryPoint\",\"urlTemplate\":\"http:\\\/\\\/www.faeteda.org\\\/en\\\/?s={search_term_string}\"},\"query-input\":{\"@type\":\"PropertyValueSpecification\",\"valueRequired\":true,\"valueName\":\"search_term_string\"}}],\"inLanguage\":\"en-US\"}]}<\/script>\n<!-- \/ Yoast SEO plugin. -->","yoast_head_json":{"title":"Texts of interest - Faeteda","robots":{"index":"index","follow":"follow","max-snippet":"max-snippet:-1","max-image-preview":"max-image-preview:large","max-video-preview":"max-video-preview:-1"},"canonical":"https:\/\/www.faeteda.org\/en\/texts-of-interest\/","og_locale":"en_US","og_type":"article","og_title":"Texts of interest - Faeteda","og_url":"https:\/\/www.faeteda.org\/en\/texts-of-interest\/","og_site_name":"Faeteda","article_modified_time":"2024-03-14T13:29:08+00:00","twitter_card":"summary_large_image","twitter_misc":{"Est. reading time":"1 minute"},"schema":{"@context":"https:\/\/schema.org","@graph":[{"@type":"WebPage","@id":"https:\/\/www.faeteda.org\/en\/texts-of-interest\/","url":"https:\/\/www.faeteda.org\/en\/texts-of-interest\/","name":"Texts of interest - Faeteda","isPartOf":{"@id":"http:\/\/www.faeteda.org\/en\/#website"},"primaryImageOfPage":{"@id":"https:\/\/www.faeteda.org\/en\/texts-of-interest\/#primaryimage"},"image":{"@id":"https:\/\/www.faeteda.org\/en\/texts-of-interest\/#primaryimage"},"thumbnailUrl":"http:\/\/www.faeteda.org\/wp-content\/uploads\/2024\/02\/per-loov-oXqn2CXC_9Q-unsplash-scaled.jpg","datePublished":"2019-03-21T15:07:43+00:00","dateModified":"2024-03-14T13:29:08+00:00","breadcrumb":{"@id":"https:\/\/www.faeteda.org\/en\/texts-of-interest\/#breadcrumb"},"inLanguage":"en-US","potentialAction":[{"@type":"ReadAction","target":["https:\/\/www.faeteda.org\/en\/texts-of-interest\/"]}]},{"@type":"ImageObject","inLanguage":"en-US","@id":"https:\/\/www.faeteda.org\/en\/texts-of-interest\/#primaryimage","url":"http:\/\/www.faeteda.org\/wp-content\/uploads\/2024\/02\/per-loov-oXqn2CXC_9Q-unsplash-scaled.jpg","contentUrl":"http:\/\/www.faeteda.org\/wp-content\/uploads\/2024\/02\/per-loov-oXqn2CXC_9Q-unsplash-scaled.jpg"},{"@type":"BreadcrumbList","@id":"https:\/\/www.faeteda.org\/en\/texts-of-interest\/#breadcrumb","itemListElement":[{"@type":"ListItem","position":1,"name":"Portada","item":"https:\/\/www.faeteda.org\/en\/portada\/"},{"@type":"ListItem","position":2,"name":"Texts of interest"}]},{"@type":"WebSite","@id":"http:\/\/www.faeteda.org\/en\/#website","url":"http:\/\/www.faeteda.org\/en\/","name":"Faeteda","description":"Federaci\u00f3n Estatal de Asociaciones de Empresas de Teatro y Danza","potentialAction":[{"@type":"SearchAction","target":{"@type":"EntryPoint","urlTemplate":"http:\/\/www.faeteda.org\/en\/?s={search_term_string}"},"query-input":{"@type":"PropertyValueSpecification","valueRequired":true,"valueName":"search_term_string"}}],"inLanguage":"en-US"}]}},"_links":{"self":[{"href":"https:\/\/www.faeteda.org\/en\/wp-json\/wp\/v2\/pages\/51078","targetHints":{"allow":["GET"]}}],"collection":[{"href":"https:\/\/www.faeteda.org\/en\/wp-json\/wp\/v2\/pages"}],"about":[{"href":"https:\/\/www.faeteda.org\/en\/wp-json\/wp\/v2\/types\/page"}],"author":[{"embeddable":true,"href":"https:\/\/www.faeteda.org\/en\/wp-json\/wp\/v2\/users\/2"}],"replies":[{"embeddable":true,"href":"https:\/\/www.faeteda.org\/en\/wp-json\/wp\/v2\/comments?post=51078"}],"version-history":[{"count":0,"href":"https:\/\/www.faeteda.org\/en\/wp-json\/wp\/v2\/pages\/51078\/revisions"}],"wp:attachment":[{"href":"https:\/\/www.faeteda.org\/en\/wp-json\/wp\/v2\/media?parent=51078"}],"curies":[{"name":"wp","href":"https:\/\/api.w.org\/{rel}","templated":true}]}}