{"id":58672,"date":"2024-02-26T16:34:01","date_gmt":"2024-02-26T15:34:01","guid":{"rendered":"http:\/\/www.faeteda.org\/junta-directiva\/"},"modified":"2024-03-06T10:09:20","modified_gmt":"2024-03-06T09:09:20","slug":"board","status":"publish","type":"page","link":"https:\/\/www.faeteda.org\/en\/board\/","title":{"rendered":"Board of directors"},"content":{"rendered":"\n<div class=\"wp-block-cover alignfull has-custom-content-position is-position-bottom-left hero inner-container-alignwide\" style=\"padding-top:10px;padding-right:20px;padding-bottom:10px;padding-left:20px;min-height:180px;aspect-ratio:unset;\"><span aria-hidden=\"true\" class=\"wp-block-cover__background has-primary-background-color has-background-dim-100 has-background-dim\"><\/span><div class=\"wp-block-cover__inner-container is-layout-flow wp-block-cover-is-layout-flow\"><h1 class=\"wp-block-post-title has-text-color has-background-color\">Board of directors<\/h1><\/div><\/div>\n\n\n\n<div class=\"wp-block-group has-global-padding is-layout-constrained wp-block-group-is-layout-constrained\" style=\"margin-top:0;margin-bottom:0\">\n<div class=\"wp-block-group is-content-justification-center is-layout-flex wp-container-core-group-is-layout-77643713 wp-block-group-is-layout-flex\" style=\"padding-top:60px;padding-bottom:60px\">\n<div class=\"wp-block-group has-global-padding is-layout-constrained wp-container-core-group-is-layout-d63d2168 wp-block-group-is-layout-constrained\">\n<div class=\"wp-block-group has-global-padding is-layout-constrained wp-block-group-is-layout-constrained\" style=\"margin-top:var(--wp--preset--spacing--30);margin-bottom:var(--wp--preset--spacing--30)\">\n<figure class=\"wp-block-image size-full is-resized has-custom-border\"><img loading=\"lazy\" decoding=\"async\" width=\"500\" height=\"500\" src=\"http:\/\/www.faeteda.org\/wp-content\/uploads\/2018\/11\/GSf_181107_4661-1.jpg\" alt=\"\" class=\"wp-image-2759\" style=\"border-top-left-radius:20px;border-top-right-radius:6px;border-bottom-left-radius:6px;border-bottom-right-radius:20px;object-fit:cover;width:180px;height:180px\" srcset=\"https:\/\/www.faeteda.org\/wp-content\/uploads\/2018\/11\/GSf_181107_4661-1.jpg 500w, https:\/\/www.faeteda.org\/wp-content\/uploads\/2018\/11\/GSf_181107_4661-1-300x300.jpg 300w\" sizes=\"auto, (max-width: 500px) 100vw, 500px\" \/><\/figure>\n<\/div>\n\n\n\n<p class=\"has-medium-font-size\" style=\"margin-top:0;margin-bottom:0;font-style:normal;font-weight:300\">Jes\u00fas Cimarro<\/p>\n\n\n\n<p class=\"has-text-align-right has-small-font-size\" style=\"font-style:normal;font-weight:600;text-transform:uppercase\">Presidency<\/p>\n\n\n\n<p class=\"has-text-align-right has-small-font-size\">Representing APTEM<\/p>\n<\/div>\n\n\n\n<div class=\"wp-block-group has-global-padding is-layout-constrained wp-container-core-group-is-layout-d63d2168 wp-block-group-is-layout-constrained\">\n<div class=\"wp-block-group has-global-padding is-layout-constrained wp-block-group-is-layout-constrained\" style=\"margin-top:var(--wp--preset--spacing--30);margin-bottom:var(--wp--preset--spacing--30)\">\n<figure class=\"wp-block-image size-full is-resized has-custom-border\"><img loading=\"lazy\" decoding=\"async\" width=\"500\" height=\"500\" src=\"http:\/\/www.faeteda.org\/wp-content\/uploads\/2021\/06\/isabel.png\" alt=\"\" class=\"wp-image-45929\" style=\"border-top-left-radius:20px;border-top-right-radius:6px;border-bottom-left-radius:6px;border-bottom-right-radius:20px;object-fit:cover;width:180px;height:180px\" srcset=\"https:\/\/www.faeteda.org\/wp-content\/uploads\/2021\/06\/isabel.png 500w, https:\/\/www.faeteda.org\/wp-content\/uploads\/2021\/06\/isabel-300x300.png 300w, https:\/\/www.faeteda.org\/wp-content\/uploads\/2021\/06\/isabel-150x150.png 150w, https:\/\/www.faeteda.org\/wp-content\/uploads\/2021\/06\/isabel-66x66.png 66w, https:\/\/www.faeteda.org\/wp-content\/uploads\/2021\/06\/isabel-200x200.png 200w, https:\/\/www.faeteda.org\/wp-content\/uploads\/2021\/06\/isabel-400x400.png 400w\" sizes=\"auto, (max-width: 500px) 100vw, 500px\" \/><\/figure>\n<\/div>\n\n\n\n<p class=\"has-medium-font-size\" style=\"margin-top:0;margin-bottom:0;font-style:normal;font-weight:300\">Isabel Vidal<\/p>\n\n\n\n<p class=\"has-text-align-right has-small-font-size\" style=\"font-style:normal;font-weight:600;text-transform:uppercase\">1st Vice Presidency<\/p>\n\n\n\n<p class=\"has-text-align-right has-small-font-size\">Representing ADETCA<\/p>\n<\/div>\n\n\n\n<div class=\"wp-block-group has-global-padding is-layout-constrained wp-container-core-group-is-layout-d63d2168 wp-block-group-is-layout-constrained\">\n<div class=\"wp-block-group has-global-padding is-layout-constrained wp-block-group-is-layout-constrained\" style=\"margin-top:var(--wp--preset--spacing--30);margin-bottom:var(--wp--preset--spacing--30)\">\n<figure class=\"wp-block-image size-full is-resized has-custom-border\"><img loading=\"lazy\" decoding=\"async\" width=\"500\" height=\"500\" src=\"http:\/\/www.faeteda.org\/wp-content\/uploads\/2023\/05\/Maria-Allas-500x500-1.png\" alt=\"\" class=\"wp-image-56673\" style=\"border-top-left-radius:20px;border-top-right-radius:6px;border-bottom-left-radius:6px;border-bottom-right-radius:20px;object-fit:cover;width:180px;height:180px\" srcset=\"https:\/\/www.faeteda.org\/wp-content\/uploads\/2023\/05\/Maria-Allas-500x500-1.png 500w, https:\/\/www.faeteda.org\/wp-content\/uploads\/2023\/05\/Maria-Allas-500x500-1-300x300.png 300w, https:\/\/www.faeteda.org\/wp-content\/uploads\/2023\/05\/Maria-Allas-500x500-1-150x150.png 150w, https:\/\/www.faeteda.org\/wp-content\/uploads\/2023\/05\/Maria-Allas-500x500-1-66x66.png 66w, https:\/\/www.faeteda.org\/wp-content\/uploads\/2023\/05\/Maria-Allas-500x500-1-200x200.png 200w, https:\/\/www.faeteda.org\/wp-content\/uploads\/2023\/05\/Maria-Allas-500x500-1-400x400.png 400w\" sizes=\"auto, (max-width: 500px) 100vw, 500px\" \/><\/figure>\n<\/div>\n\n\n\n<p class=\"has-medium-font-size\" style=\"margin-top:0;margin-bottom:0;font-style:normal;font-weight:300\">Mar\u00eda Jos\u00e9 Gomez<\/p>\n\n\n\n<p class=\"has-text-align-right has-small-font-size\" style=\"font-style:normal;font-weight:600;text-transform:uppercase\">2nd Vice Presidency<\/p>\n\n\n\n<p class=\"has-text-align-right has-small-font-size\">Representing ARTESACyL<\/p>\n<\/div>\n\n\n\n<div class=\"wp-block-group has-global-padding is-layout-constrained wp-container-core-group-is-layout-d63d2168 wp-block-group-is-layout-constrained\">\n<div class=\"wp-block-group has-global-padding is-layout-constrained wp-block-group-is-layout-constrained\" style=\"margin-top:var(--wp--preset--spacing--30);margin-bottom:var(--wp--preset--spacing--30)\">\n<figure class=\"wp-block-image size-full is-resized has-custom-border\"><img loading=\"lazy\" decoding=\"async\" width=\"500\" height=\"504\" src=\"http:\/\/www.faeteda.org\/wp-content\/uploads\/2018\/11\/GSf_181107_4781.jpg\" alt=\"\" class=\"wp-image-2774\" style=\"border-top-left-radius:20px;border-top-right-radius:6px;border-bottom-left-radius:6px;border-bottom-right-radius:20px;object-fit:cover;width:180px;height:180px\"\/><\/figure>\n<\/div>\n\n\n\n<p class=\"has-medium-font-size\" style=\"margin-top:0;margin-bottom:0;font-style:normal;font-weight:300\">Jos\u00e9 A. Vitoria<\/p>\n\n\n\n<p class=\"has-text-align-right has-small-font-size\" style=\"font-style:normal;font-weight:600;text-transform:uppercase\">General Secretary<\/p>\n\n\n\n<p class=\"has-text-align-right has-small-font-size\">Representing ESKENA<\/p>\n<\/div>\n\n\n\n<div class=\"wp-block-group has-global-padding is-layout-constrained wp-container-core-group-is-layout-d63d2168 wp-block-group-is-layout-constrained\">\n<div class=\"wp-block-group has-global-padding is-layout-constrained wp-block-group-is-layout-constrained\" style=\"margin-top:var(--wp--preset--spacing--30);margin-bottom:var(--wp--preset--spacing--30)\">\n<figure class=\"wp-block-image size-full is-resized has-custom-border\"><img loading=\"lazy\" decoding=\"async\" width=\"500\" height=\"501\" src=\"http:\/\/www.faeteda.org\/wp-content\/uploads\/2018\/11\/GSf_181107_4711.jpg\" alt=\"\" class=\"wp-image-2769\" style=\"border-top-left-radius:20px;border-top-right-radius:6px;border-bottom-left-radius:6px;border-bottom-right-radius:20px;object-fit:cover;width:180px;height:180px\" srcset=\"https:\/\/www.faeteda.org\/wp-content\/uploads\/2018\/11\/GSf_181107_4711.jpg 500w, https:\/\/www.faeteda.org\/wp-content\/uploads\/2018\/11\/GSf_181107_4711-300x300.jpg 300w\" sizes=\"auto, (max-width: 500px) 100vw, 500px\" \/><\/figure>\n<\/div>\n\n\n\n<p class=\"has-medium-font-size\" style=\"margin-top:0;margin-bottom:0;font-style:normal;font-weight:300\">Mar\u00eda L\u00f3pez<\/p>\n\n\n\n<p class=\"has-text-align-right has-small-font-size\" style=\"font-style:normal;font-weight:600;text-transform:uppercase\">Treasury<\/p>\n\n\n\n<p class=\"has-text-align-right has-small-font-size\">Representing ARES<\/p>\n<\/div>\n\n\n\n<div class=\"wp-block-group has-global-padding is-layout-constrained wp-container-core-group-is-layout-d63d2168 wp-block-group-is-layout-constrained\">\n<div class=\"wp-block-group has-global-padding is-layout-constrained wp-block-group-is-layout-constrained\" style=\"margin-top:var(--wp--preset--spacing--30);margin-bottom:var(--wp--preset--spacing--30)\">\n<figure class=\"wp-block-image size-full is-resized has-custom-border\"><img loading=\"lazy\" decoding=\"async\" width=\"500\" height=\"500\" src=\"http:\/\/www.faeteda.org\/wp-content\/uploads\/2023\/02\/06.-Vocal-Emilio-del-Valle-ARTEMAD.jpg\" alt=\"\" class=\"wp-image-55789\" style=\"border-top-left-radius:20px;border-top-right-radius:6px;border-bottom-left-radius:6px;border-bottom-right-radius:20px;object-fit:cover;width:180px;height:180px\" srcset=\"https:\/\/www.faeteda.org\/wp-content\/uploads\/2023\/02\/06.-Vocal-Emilio-del-Valle-ARTEMAD.jpg 500w, https:\/\/www.faeteda.org\/wp-content\/uploads\/2023\/02\/06.-Vocal-Emilio-del-Valle-ARTEMAD-300x300.jpg 300w, https:\/\/www.faeteda.org\/wp-content\/uploads\/2023\/02\/06.-Vocal-Emilio-del-Valle-ARTEMAD-150x150.jpg 150w, https:\/\/www.faeteda.org\/wp-content\/uploads\/2023\/02\/06.-Vocal-Emilio-del-Valle-ARTEMAD-66x66.jpg 66w, https:\/\/www.faeteda.org\/wp-content\/uploads\/2023\/02\/06.-Vocal-Emilio-del-Valle-ARTEMAD-200x200.jpg 200w, https:\/\/www.faeteda.org\/wp-content\/uploads\/2023\/02\/06.-Vocal-Emilio-del-Valle-ARTEMAD-400x400.jpg 400w\" sizes=\"auto, (max-width: 500px) 100vw, 500px\" \/><\/figure>\n<\/div>\n\n\n\n<p class=\"has-medium-font-size\" style=\"margin-top:0;margin-bottom:0;font-style:normal;font-weight:300\">Emilio del Valle<\/p>\n\n\n\n<p class=\"has-text-align-right has-small-font-size\" style=\"font-style:normal;font-weight:600;text-transform:uppercase\">Vocal<\/p>\n\n\n\n<p class=\"has-text-align-right has-small-font-size\">Representing ARTEMAD<\/p>\n<\/div>\n\n\n\n<div class=\"wp-block-group has-global-padding is-layout-constrained wp-container-core-group-is-layout-d63d2168 wp-block-group-is-layout-constrained\">\n<div class=\"wp-block-group has-global-padding is-layout-constrained wp-block-group-is-layout-constrained\" style=\"margin-top:var(--wp--preset--spacing--30);margin-bottom:var(--wp--preset--spacing--30)\">\n<figure class=\"wp-block-image size-full is-resized has-custom-border\"><img loading=\"lazy\" decoding=\"async\" width=\"500\" height=\"500\" src=\"http:\/\/www.faeteda.org\/wp-content\/uploads\/2018\/11\/GSf_181107_5341.jpg\" alt=\"\" class=\"wp-image-2779\" style=\"border-top-left-radius:20px;border-top-right-radius:6px;border-bottom-left-radius:6px;border-bottom-right-radius:20px;object-fit:cover;width:180px;height:180px\" srcset=\"https:\/\/www.faeteda.org\/wp-content\/uploads\/2018\/11\/GSf_181107_5341.jpg 500w, https:\/\/www.faeteda.org\/wp-content\/uploads\/2018\/11\/GSf_181107_5341-300x300.jpg 300w\" sizes=\"auto, (max-width: 500px) 100vw, 500px\" \/><\/figure>\n<\/div>\n\n\n\n<p class=\"has-medium-font-size\" style=\"margin-top:0;margin-bottom:0;font-style:normal;font-weight:300\">Jos\u00e9 Saiz<\/p>\n\n\n\n<p class=\"has-text-align-right has-small-font-size\" style=\"font-style:normal;font-weight:600;text-transform:uppercase\">Vocal<\/p>\n\n\n\n<p class=\"has-text-align-right has-small-font-size\">Representing AVETID<\/p>\n<\/div>\n\n\n\n<div class=\"wp-block-group has-global-padding is-layout-constrained wp-container-core-group-is-layout-d63d2168 wp-block-group-is-layout-constrained\">\n<div class=\"wp-block-group has-global-padding is-layout-constrained wp-block-group-is-layout-constrained\" style=\"margin-top:var(--wp--preset--spacing--30);margin-bottom:var(--wp--preset--spacing--30)\">\n<figure class=\"wp-block-image size-full is-resized has-custom-border\"><img loading=\"lazy\" decoding=\"async\" width=\"501\" height=\"500\" src=\"http:\/\/www.faeteda.org\/wp-content\/uploads\/2018\/11\/GSf_181107_4731.jpg\" alt=\"\" class=\"wp-image-2789\" style=\"border-top-left-radius:20px;border-top-right-radius:6px;border-bottom-left-radius:6px;border-bottom-right-radius:20px;object-fit:cover;width:180px;height:180px\" srcset=\"https:\/\/www.faeteda.org\/wp-content\/uploads\/2018\/11\/GSf_181107_4731.jpg 501w, https:\/\/www.faeteda.org\/wp-content\/uploads\/2018\/11\/GSf_181107_4731-300x300.jpg 300w\" sizes=\"auto, (max-width: 501px) 100vw, 501px\" \/><\/figure>\n<\/div>\n\n\n\n<p class=\"has-medium-font-size\" style=\"margin-top:0;margin-bottom:0;font-style:normal;font-weight:300\">Susana Lloret<\/p>\n\n\n\n<p class=\"has-text-align-right has-small-font-size\" style=\"font-style:normal;font-weight:600;text-transform:uppercase\">Vocal<\/p>\n\n\n\n<p class=\"has-text-align-right has-small-font-size\">Representing CIATRE<\/p>\n<\/div>\n\n\n\n<div class=\"wp-block-group has-global-padding is-layout-constrained wp-container-core-group-is-layout-d63d2168 wp-block-group-is-layout-constrained\">\n<div class=\"wp-block-group has-global-padding is-layout-constrained wp-block-group-is-layout-constrained\" style=\"margin-top:var(--wp--preset--spacing--30);margin-bottom:var(--wp--preset--spacing--30)\">\n<figure class=\"wp-block-image size-full is-resized has-custom-border\"><img loading=\"lazy\" decoding=\"async\" width=\"500\" height=\"505\" src=\"http:\/\/www.faeteda.org\/wp-content\/uploads\/2018\/11\/GSf_181107_5371.jpg\" alt=\"\" class=\"wp-image-2784\" style=\"border-top-left-radius:20px;border-top-right-radius:6px;border-bottom-left-radius:6px;border-bottom-right-radius:20px;object-fit:cover;width:180px;height:180px\"\/><\/figure>\n<\/div>\n\n\n\n<p class=\"has-medium-font-size\" style=\"margin-top:0;margin-bottom:0;font-style:normal;font-weight:300\">Marta Torres<\/p>\n\n\n\n<p class=\"has-text-align-right has-small-font-size\" style=\"font-style:normal;font-weight:600;text-transform:uppercase\">Vocal<\/p>\n\n\n\n<p class=\"has-text-align-right has-small-font-size\">Representing ESCENOCAM<\/p>\n<\/div>\n<\/div>\n<\/div>\n","protected":false},"excerpt":{"rendered":"<p>Jes\u00fas Cimarro Presidency Representing APTEM Isabel Vidal 1st Vice Presidency Representing ADETCA Mar\u00eda Jos\u00e9 Gomez 2nd Vice Presidency Representing ARTESACyL Jos\u00e9 A. Vitoria General Secretary Representing ESKENA Mar\u00eda L\u00f3pez Treasury Representing ARES Emilio del Valle Vocal Representing ARTEMAD Jos\u00e9 Saiz Vocal Representing AVETID Susana Lloret Vocal Representing CIATRE Marta Torres Vocal Representing ESCENOCAM<\/p>\n","protected":false},"author":22,"featured_media":0,"parent":0,"menu_order":0,"comment_status":"closed","ping_status":"closed","template":"","meta":{"_acf_changed":false,"_editorskit_title_hidden":false,"_editorskit_reading_time":0,"_editorskit_is_block_options_detached":false,"_editorskit_block_options_position":"{}","footnotes":""},"class_list":["post-58672","page","type-page","status-publish","hentry"],"acf":[],"yoast_head":"<!-- This site is optimized with the Yoast SEO plugin v27.4 - https:\/\/yoast.com\/product\/yoast-seo-wordpress\/ -->\n<title>Board of directors - Faeteda<\/title>\n<meta name=\"robots\" content=\"index, follow, max-snippet:-1, max-image-preview:large, max-video-preview:-1\" \/>\n<link rel=\"canonical\" href=\"https:\/\/www.faeteda.org\/en\/board\/\" \/>\n<meta property=\"og:locale\" content=\"en_US\" \/>\n<meta property=\"og:type\" content=\"article\" \/>\n<meta property=\"og:title\" content=\"Board of directors - Faeteda\" \/>\n<meta property=\"og:description\" content=\"Jes\u00fas Cimarro Presidency Representing APTEM Isabel Vidal 1st Vice Presidency Representing ADETCA Mar\u00eda Jos\u00e9 Gomez 2nd Vice Presidency Representing ARTESACyL Jos\u00e9 A. Vitoria General Secretary Representing ESKENA Mar\u00eda L\u00f3pez Treasury Representing ARES Emilio del Valle Vocal Representing ARTEMAD Jos\u00e9 Saiz Vocal Representing AVETID Susana Lloret Vocal Representing CIATRE Marta Torres Vocal Representing ESCENOCAM\" \/>\n<meta property=\"og:url\" content=\"https:\/\/www.faeteda.org\/en\/board\/\" \/>\n<meta property=\"og:site_name\" content=\"Faeteda\" \/>\n<meta property=\"article:modified_time\" content=\"2024-03-06T09:09:20+00:00\" \/>\n<meta property=\"og:image\" content=\"http:\/\/www.faeteda.org\/wp-content\/uploads\/2018\/11\/GSf_181107_4661-1.jpg\" \/>\n<meta name=\"twitter:card\" content=\"summary_large_image\" \/>\n<meta name=\"twitter:label1\" content=\"Est. reading time\" \/>\n\t<meta name=\"twitter:data1\" content=\"3 minutes\" \/>\n<script type=\"application\/ld+json\" class=\"yoast-schema-graph\">{\"@context\":\"https:\\\/\\\/schema.org\",\"@graph\":[{\"@type\":\"WebPage\",\"@id\":\"https:\\\/\\\/www.faeteda.org\\\/en\\\/board\\\/\",\"url\":\"https:\\\/\\\/www.faeteda.org\\\/en\\\/board\\\/\",\"name\":\"Board of directors - Faeteda\",\"isPartOf\":{\"@id\":\"http:\\\/\\\/www.faeteda.org\\\/en\\\/#website\"},\"primaryImageOfPage\":{\"@id\":\"https:\\\/\\\/www.faeteda.org\\\/en\\\/board\\\/#primaryimage\"},\"image\":{\"@id\":\"https:\\\/\\\/www.faeteda.org\\\/en\\\/board\\\/#primaryimage\"},\"thumbnailUrl\":\"http:\\\/\\\/www.faeteda.org\\\/wp-content\\\/uploads\\\/2018\\\/11\\\/GSf_181107_4661-1.jpg\",\"datePublished\":\"2024-02-26T15:34:01+00:00\",\"dateModified\":\"2024-03-06T09:09:20+00:00\",\"breadcrumb\":{\"@id\":\"https:\\\/\\\/www.faeteda.org\\\/en\\\/board\\\/#breadcrumb\"},\"inLanguage\":\"en-US\",\"potentialAction\":[{\"@type\":\"ReadAction\",\"target\":[\"https:\\\/\\\/www.faeteda.org\\\/en\\\/board\\\/\"]}]},{\"@type\":\"ImageObject\",\"inLanguage\":\"en-US\",\"@id\":\"https:\\\/\\\/www.faeteda.org\\\/en\\\/board\\\/#primaryimage\",\"url\":\"http:\\\/\\\/www.faeteda.org\\\/wp-content\\\/uploads\\\/2018\\\/11\\\/GSf_181107_4661-1.jpg\",\"contentUrl\":\"http:\\\/\\\/www.faeteda.org\\\/wp-content\\\/uploads\\\/2018\\\/11\\\/GSf_181107_4661-1.jpg\"},{\"@type\":\"BreadcrumbList\",\"@id\":\"https:\\\/\\\/www.faeteda.org\\\/en\\\/board\\\/#breadcrumb\",\"itemListElement\":[{\"@type\":\"ListItem\",\"position\":1,\"name\":\"Portada\",\"item\":\"https:\\\/\\\/www.faeteda.org\\\/en\\\/portada\\\/\"},{\"@type\":\"ListItem\",\"position\":2,\"name\":\"Board of directors\"}]},{\"@type\":\"WebSite\",\"@id\":\"http:\\\/\\\/www.faeteda.org\\\/en\\\/#website\",\"url\":\"http:\\\/\\\/www.faeteda.org\\\/en\\\/\",\"name\":\"Faeteda\",\"description\":\"Federaci\u00f3n Estatal de Asociaciones de Empresas de Teatro y Danza\",\"potentialAction\":[{\"@type\":\"SearchAction\",\"target\":{\"@type\":\"EntryPoint\",\"urlTemplate\":\"http:\\\/\\\/www.faeteda.org\\\/en\\\/?s={search_term_string}\"},\"query-input\":{\"@type\":\"PropertyValueSpecification\",\"valueRequired\":true,\"valueName\":\"search_term_string\"}}],\"inLanguage\":\"en-US\"}]}<\/script>\n<!-- \/ Yoast SEO plugin. -->","yoast_head_json":{"title":"Board of directors - Faeteda","robots":{"index":"index","follow":"follow","max-snippet":"max-snippet:-1","max-image-preview":"max-image-preview:large","max-video-preview":"max-video-preview:-1"},"canonical":"https:\/\/www.faeteda.org\/en\/board\/","og_locale":"en_US","og_type":"article","og_title":"Board of directors - Faeteda","og_description":"Jes\u00fas Cimarro Presidency Representing APTEM Isabel Vidal 1st Vice Presidency Representing ADETCA Mar\u00eda Jos\u00e9 Gomez 2nd Vice Presidency Representing ARTESACyL Jos\u00e9 A. Vitoria General Secretary Representing ESKENA Mar\u00eda L\u00f3pez Treasury Representing ARES Emilio del Valle Vocal Representing ARTEMAD Jos\u00e9 Saiz Vocal Representing AVETID Susana Lloret Vocal Representing CIATRE Marta Torres Vocal Representing ESCENOCAM","og_url":"https:\/\/www.faeteda.org\/en\/board\/","og_site_name":"Faeteda","article_modified_time":"2024-03-06T09:09:20+00:00","og_image":[{"url":"http:\/\/www.faeteda.org\/wp-content\/uploads\/2018\/11\/GSf_181107_4661-1.jpg","type":"","width":"","height":""}],"twitter_card":"summary_large_image","twitter_misc":{"Est. reading time":"3 minutes"},"schema":{"@context":"https:\/\/schema.org","@graph":[{"@type":"WebPage","@id":"https:\/\/www.faeteda.org\/en\/board\/","url":"https:\/\/www.faeteda.org\/en\/board\/","name":"Board of directors - Faeteda","isPartOf":{"@id":"http:\/\/www.faeteda.org\/en\/#website"},"primaryImageOfPage":{"@id":"https:\/\/www.faeteda.org\/en\/board\/#primaryimage"},"image":{"@id":"https:\/\/www.faeteda.org\/en\/board\/#primaryimage"},"thumbnailUrl":"http:\/\/www.faeteda.org\/wp-content\/uploads\/2018\/11\/GSf_181107_4661-1.jpg","datePublished":"2024-02-26T15:34:01+00:00","dateModified":"2024-03-06T09:09:20+00:00","breadcrumb":{"@id":"https:\/\/www.faeteda.org\/en\/board\/#breadcrumb"},"inLanguage":"en-US","potentialAction":[{"@type":"ReadAction","target":["https:\/\/www.faeteda.org\/en\/board\/"]}]},{"@type":"ImageObject","inLanguage":"en-US","@id":"https:\/\/www.faeteda.org\/en\/board\/#primaryimage","url":"http:\/\/www.faeteda.org\/wp-content\/uploads\/2018\/11\/GSf_181107_4661-1.jpg","contentUrl":"http:\/\/www.faeteda.org\/wp-content\/uploads\/2018\/11\/GSf_181107_4661-1.jpg"},{"@type":"BreadcrumbList","@id":"https:\/\/www.faeteda.org\/en\/board\/#breadcrumb","itemListElement":[{"@type":"ListItem","position":1,"name":"Portada","item":"https:\/\/www.faeteda.org\/en\/portada\/"},{"@type":"ListItem","position":2,"name":"Board of directors"}]},{"@type":"WebSite","@id":"http:\/\/www.faeteda.org\/en\/#website","url":"http:\/\/www.faeteda.org\/en\/","name":"Faeteda","description":"Federaci\u00f3n Estatal de Asociaciones de Empresas de Teatro y Danza","potentialAction":[{"@type":"SearchAction","target":{"@type":"EntryPoint","urlTemplate":"http:\/\/www.faeteda.org\/en\/?s={search_term_string}"},"query-input":{"@type":"PropertyValueSpecification","valueRequired":true,"valueName":"search_term_string"}}],"inLanguage":"en-US"}]}},"_links":{"self":[{"href":"https:\/\/www.faeteda.org\/en\/wp-json\/wp\/v2\/pages\/58672","targetHints":{"allow":["GET"]}}],"collection":[{"href":"https:\/\/www.faeteda.org\/en\/wp-json\/wp\/v2\/pages"}],"about":[{"href":"https:\/\/www.faeteda.org\/en\/wp-json\/wp\/v2\/types\/page"}],"author":[{"embeddable":true,"href":"https:\/\/www.faeteda.org\/en\/wp-json\/wp\/v2\/users\/22"}],"replies":[{"embeddable":true,"href":"https:\/\/www.faeteda.org\/en\/wp-json\/wp\/v2\/comments?post=58672"}],"version-history":[{"count":0,"href":"https:\/\/www.faeteda.org\/en\/wp-json\/wp\/v2\/pages\/58672\/revisions"}],"wp:attachment":[{"href":"https:\/\/www.faeteda.org\/en\/wp-json\/wp\/v2\/media?parent=58672"}],"curies":[{"name":"wp","href":"https:\/\/api.w.org\/{rel}","templated":true}]}}