{"id":58677,"date":"2024-02-29T15:41:14","date_gmt":"2024-02-29T14:41:14","guid":{"rendered":"http:\/\/www.faeteda.org\/asamblea\/"},"modified":"2024-10-30T16:02:05","modified_gmt":"2024-10-30T15:02:05","slug":"assembly","status":"publish","type":"page","link":"https:\/\/www.faeteda.org\/en\/assembly\/","title":{"rendered":"Assembly"},"content":{"rendered":"\n<div class=\"wp-block-cover alignfull has-custom-content-position is-position-bottom-left hero inner-container-alignwide\" style=\"padding-top:10px;padding-right:20px;padding-bottom:10px;padding-left:20px;min-height:180px;aspect-ratio:unset;\"><span aria-hidden=\"true\" class=\"wp-block-cover__background has-primary-background-color has-background-dim-100 has-background-dim\"><\/span><div class=\"wp-block-cover__inner-container is-layout-flow wp-block-cover-is-layout-flow\"><h1 class=\"wp-block-post-title has-text-color has-background-color\">Assembly<\/h1><\/div><\/div>\n\n<div class=\"wp-block-group has-global-padding is-layout-constrained wp-block-group-is-layout-constrained\" style=\"margin-top:0;margin-bottom:0\">\n<div class=\"wp-block-group is-content-justification-center is-layout-flex wp-container-core-group-is-layout-77643713 wp-block-group-is-layout-flex\" style=\"padding-top:60px;padding-bottom:60px\">\n<div class=\"wp-block-group has-global-padding is-layout-constrained wp-container-core-group-is-layout-d63d2168 wp-block-group-is-layout-constrained\">\n<div class=\"wp-block-group has-global-padding is-layout-constrained wp-block-group-is-layout-constrained\" style=\"margin-top:var(--wp--preset--spacing--30);margin-bottom:var(--wp--preset--spacing--30)\">\n<figure class=\"wp-block-image size-full is-resized has-custom-border\"><img loading=\"lazy\" decoding=\"async\" width=\"500\" height=\"500\" src=\"http:\/\/www.faeteda.org\/wp-content\/uploads\/2020\/02\/Patricia-Cercas-500x500-1.jpg\" alt=\"\" class=\"wp-image-9868\" style=\"border-top-left-radius:20px;border-top-right-radius:6px;border-bottom-left-radius:6px;border-bottom-right-radius:20px;object-fit:cover;width:180px;height:180px\" srcset=\"https:\/\/www.faeteda.org\/wp-content\/uploads\/2020\/02\/Patricia-Cercas-500x500-1.jpg 500w, https:\/\/www.faeteda.org\/wp-content\/uploads\/2020\/02\/Patricia-Cercas-500x500-1-300x300.jpg 300w\" sizes=\"auto, (max-width: 500px) 100vw, 500px\" \/><\/figure>\n<\/div>\n\n\n\n<p class=\"has-medium-font-size\" style=\"margin-top:0;margin-bottom:0;font-style:normal;font-weight:300\">Patricia Cercas<\/p>\n\n\n\n<p class=\"has-text-align-right has-small-font-size\" style=\"font-style:normal;font-weight:600;text-transform:uppercase\">Vocal<\/p>\n\n\n\n<p class=\"has-text-align-right has-small-font-size\">ACEPAE representative<\/p>\n<\/div>\n\n\n\n<div class=\"wp-block-group has-global-padding is-layout-constrained wp-container-core-group-is-layout-d63d2168 wp-block-group-is-layout-constrained\">\n<div class=\"wp-block-group has-global-padding is-layout-constrained wp-block-group-is-layout-constrained\" style=\"margin-top:var(--wp--preset--spacing--30);margin-bottom:var(--wp--preset--spacing--30)\">\n<figure class=\"wp-block-image size-full is-resized has-custom-border\"><img loading=\"lazy\" decoding=\"async\" width=\"500\" height=\"500\" src=\"http:\/\/www.faeteda.org\/wp-content\/uploads\/2021\/01\/AESCENA-Sonia-Zarandula-500x500-1.jpg\" alt=\"\" class=\"wp-image-43861\" style=\"border-top-left-radius:20px;border-top-right-radius:6px;border-bottom-left-radius:6px;border-bottom-right-radius:20px;object-fit:cover;width:180px;height:180px\" srcset=\"https:\/\/www.faeteda.org\/wp-content\/uploads\/2021\/01\/AESCENA-Sonia-Zarandula-500x500-1.jpg 500w, https:\/\/www.faeteda.org\/wp-content\/uploads\/2021\/01\/AESCENA-Sonia-Zarandula-500x500-1-300x300.jpg 300w, https:\/\/www.faeteda.org\/wp-content\/uploads\/2021\/01\/AESCENA-Sonia-Zarandula-500x500-1-150x150.jpg 150w, https:\/\/www.faeteda.org\/wp-content\/uploads\/2021\/01\/AESCENA-Sonia-Zarandula-500x500-1-66x66.jpg 66w, https:\/\/www.faeteda.org\/wp-content\/uploads\/2021\/01\/AESCENA-Sonia-Zarandula-500x500-1-200x200.jpg 200w, https:\/\/www.faeteda.org\/wp-content\/uploads\/2021\/01\/AESCENA-Sonia-Zarandula-500x500-1-400x400.jpg 400w\" sizes=\"auto, (max-width: 500px) 100vw, 500px\" \/><\/figure>\n<\/div>\n\n\n\n<p class=\"has-medium-font-size\" style=\"margin-top:0;margin-bottom:0;font-style:normal;font-weight:300\">S\u00f3nia Oliveira<\/p>\n\n\n\n<p class=\"has-text-align-right has-small-font-size\" style=\"font-style:normal;font-weight:600;text-transform:uppercase\">Vocal<\/p>\n\n\n\n<p class=\"has-text-align-right has-small-font-size\">AESCENA representative<\/p>\n<\/div>\n\n\n\n<div class=\"wp-block-group has-global-padding is-layout-constrained wp-container-core-group-is-layout-d63d2168 wp-block-group-is-layout-constrained\">\n<div class=\"wp-block-group has-global-padding is-layout-constrained wp-block-group-is-layout-constrained\" style=\"margin-top:var(--wp--preset--spacing--30);margin-bottom:var(--wp--preset--spacing--30)\">\n<figure class=\"wp-block-image size-full is-resized has-custom-border\"><img loading=\"lazy\" decoding=\"async\" width=\"300\" height=\"300\" src=\"http:\/\/www.faeteda.org\/wp-content\/uploads\/2022\/03\/Ana-Extremiana-AVED.png\" alt=\"\" class=\"wp-image-48958\" style=\"border-top-left-radius:20px;border-top-right-radius:6px;border-bottom-left-radius:6px;border-bottom-right-radius:20px;object-fit:cover;width:180px;height:180px\" srcset=\"https:\/\/www.faeteda.org\/wp-content\/uploads\/2022\/03\/Ana-Extremiana-AVED.png 300w, https:\/\/www.faeteda.org\/wp-content\/uploads\/2022\/03\/Ana-Extremiana-AVED-150x150.png 150w, https:\/\/www.faeteda.org\/wp-content\/uploads\/2022\/03\/Ana-Extremiana-AVED-66x66.png 66w, https:\/\/www.faeteda.org\/wp-content\/uploads\/2022\/03\/Ana-Extremiana-AVED-200x200.png 200w\" sizes=\"auto, (max-width: 300px) 100vw, 300px\" \/><\/figure>\n<\/div>\n\n\n\n<p class=\"has-medium-font-size\" style=\"margin-top:0;margin-bottom:0;font-style:normal;font-weight:300\">Ana Extremiana<\/p>\n\n\n\n<p class=\"has-text-align-right has-small-font-size\" style=\"font-style:normal;font-weight:600;text-transform:uppercase\">Vocal<\/p>\n\n\n\n<p class=\"has-text-align-right has-small-font-size\">AVED representative<\/p>\n<\/div>\n\n\n\n<div class=\"wp-block-group has-global-padding is-layout-constrained wp-container-core-group-is-layout-d63d2168 wp-block-group-is-layout-constrained\">\n<div class=\"wp-block-group has-global-padding is-layout-constrained wp-block-group-is-layout-constrained\" style=\"margin-top:var(--wp--preset--spacing--30);margin-bottom:var(--wp--preset--spacing--30)\">\n<figure class=\"wp-block-image size-full is-resized has-custom-border\"><img loading=\"lazy\" decoding=\"async\" width=\"500\" height=\"501\" src=\"http:\/\/www.faeteda.org\/wp-content\/uploads\/2018\/11\/GSf_181107_5251.jpg\" alt=\"\" class=\"wp-image-2794\" style=\"border-top-left-radius:20px;border-top-right-radius:6px;border-bottom-left-radius:6px;border-bottom-right-radius:20px;object-fit:cover;width:180px;height:180px\" srcset=\"https:\/\/www.faeteda.org\/wp-content\/uploads\/2018\/11\/GSf_181107_5251.jpg 500w, https:\/\/www.faeteda.org\/wp-content\/uploads\/2018\/11\/GSf_181107_5251-300x300.jpg 300w\" sizes=\"auto, (max-width: 500px) 100vw, 500px\" \/><\/figure>\n<\/div>\n\n\n\n<p class=\"has-medium-font-size\" style=\"margin-top:0;margin-bottom:0;font-style:normal;font-weight:300\">Luis Alija<\/p>\n\n\n\n<p class=\"has-text-align-right has-small-font-size\" style=\"font-style:normal;font-weight:600;text-transform:uppercase\">Vocal<\/p>\n\n\n\n<p class=\"has-text-align-right has-small-font-size\">ESCENASTURIAS representative<\/p>\n<\/div>\n\n\n\n<div class=\"wp-block-group has-global-padding is-layout-constrained wp-container-core-group-is-layout-d63d2168 wp-block-group-is-layout-constrained\">\n<div class=\"wp-block-group has-global-padding is-layout-constrained wp-block-group-is-layout-constrained\" style=\"margin-top:var(--wp--preset--spacing--30);margin-bottom:var(--wp--preset--spacing--30)\">\n<figure class=\"wp-block-image size-full is-resized has-custom-border\"><img loading=\"lazy\" decoding=\"async\" width=\"500\" height=\"500\" src=\"https:\/\/www.faeteda.org\/wp-content\/uploads\/2024\/05\/15.-Vocal-Patricia-de-Lorenzo-ESCENA-GALEGA.jpeg\" alt=\"\" class=\"wp-image-70049\" style=\"border-top-left-radius:20px;border-top-right-radius:6px;border-bottom-left-radius:6px;border-bottom-right-radius:20px;object-fit:cover;width:180px;height:180px\" srcset=\"https:\/\/www.faeteda.org\/wp-content\/uploads\/2024\/05\/15.-Vocal-Patricia-de-Lorenzo-ESCENA-GALEGA.jpeg 500w, https:\/\/www.faeteda.org\/wp-content\/uploads\/2024\/05\/15.-Vocal-Patricia-de-Lorenzo-ESCENA-GALEGA-300x300.jpeg 300w, https:\/\/www.faeteda.org\/wp-content\/uploads\/2024\/05\/15.-Vocal-Patricia-de-Lorenzo-ESCENA-GALEGA-150x150.jpeg 150w\" sizes=\"auto, (max-width: 500px) 100vw, 500px\" \/><\/figure>\n<\/div>\n\n\n\n<p class=\"has-medium-font-size\" style=\"margin-top:0;margin-bottom:0;font-style:normal;font-weight:300;line-height:1\">Patricia<\/p>\n\n\n\n<p class=\"has-medium-font-size\" style=\"margin-top:0;margin-bottom:0;font-style:normal;font-weight:300;line-height:1\">de Lorenzo<\/p>\n\n\n\n<p class=\"has-text-align-right has-small-font-size\" style=\"font-style:normal;font-weight:600;text-transform:uppercase\">Vocal<\/p>\n\n\n\n<p class=\"has-text-align-right has-small-font-size\">ESCENA GALEGA<br\/>representative<\/p>\n<\/div>\n\n\n\n<div class=\"wp-block-group has-global-padding is-layout-constrained wp-container-core-group-is-layout-d63d2168 wp-block-group-is-layout-constrained\">\n<div class=\"wp-block-group has-global-padding is-layout-constrained wp-block-group-is-layout-constrained\" style=\"margin-top:var(--wp--preset--spacing--30);margin-bottom:var(--wp--preset--spacing--30)\">\n<figure class=\"wp-block-image size-full is-resized has-custom-border\"><img loading=\"lazy\" decoding=\"async\" width=\"800\" height=\"600\" src=\"http:\/\/www.faeteda.org\/wp-content\/uploads\/2020\/10\/Mago-Hodei-Magoa-Magic-Melody-2.png\" alt=\"\" class=\"wp-image-29537\" style=\"border-top-left-radius:20px;border-top-right-radius:6px;border-bottom-left-radius:6px;border-bottom-right-radius:20px;object-fit:cover;width:180px;height:180px\" srcset=\"https:\/\/www.faeteda.org\/wp-content\/uploads\/2020\/10\/Mago-Hodei-Magoa-Magic-Melody-2.png 800w, https:\/\/www.faeteda.org\/wp-content\/uploads\/2020\/10\/Mago-Hodei-Magoa-Magic-Melody-2-300x225.png 300w, https:\/\/www.faeteda.org\/wp-content\/uploads\/2020\/10\/Mago-Hodei-Magoa-Magic-Melody-2-768x576.png 768w, https:\/\/www.faeteda.org\/wp-content\/uploads\/2020\/10\/Mago-Hodei-Magoa-Magic-Melody-2-200x150.png 200w, https:\/\/www.faeteda.org\/wp-content\/uploads\/2020\/10\/Mago-Hodei-Magoa-Magic-Melody-2-400x300.png 400w, https:\/\/www.faeteda.org\/wp-content\/uploads\/2020\/10\/Mago-Hodei-Magoa-Magic-Melody-2-600x450.png 600w\" sizes=\"auto, (max-width: 800px) 100vw, 800px\" \/><\/figure>\n<\/div>\n\n\n\n<p class=\"has-text-align-justify has-medium-font-size\" style=\"margin-top:0;margin-bottom:0;font-style:normal;font-weight:300;line-height:1\">Odei Domingo Mendiluce<\/p>\n\n\n\n<p class=\"has-text-align-right has-small-font-size\" style=\"font-style:normal;font-weight:600;text-transform:uppercase\">Vocal<\/p>\n\n\n\n<p class=\"has-text-align-right has-small-font-size\">ESNA representative<\/p>\n<\/div>\n\n\n\n<div class=\"wp-block-group has-global-padding is-layout-constrained wp-container-core-group-is-layout-d63d2168 wp-block-group-is-layout-constrained\">\n<div class=\"wp-block-group has-global-padding is-layout-constrained wp-block-group-is-layout-constrained\" style=\"margin-top:var(--wp--preset--spacing--30);margin-bottom:var(--wp--preset--spacing--30)\">\n<figure class=\"wp-block-image size-full is-resized has-custom-border\"><img loading=\"lazy\" decoding=\"async\" width=\"500\" height=\"500\" src=\"http:\/\/www.faeteda.org\/wp-content\/uploads\/2023\/05\/17.-Vocal-Laura-Ga-Caceres-EXTREMADURA-TEATRAL-500X500.jpg\" alt=\"\" class=\"wp-image-56679\" style=\"border-top-left-radius:20px;border-top-right-radius:6px;border-bottom-left-radius:6px;border-bottom-right-radius:20px;object-fit:cover;width:180px;height:180px\" srcset=\"https:\/\/www.faeteda.org\/wp-content\/uploads\/2023\/05\/17.-Vocal-Laura-Ga-Caceres-EXTREMADURA-TEATRAL-500X500.jpg 500w, https:\/\/www.faeteda.org\/wp-content\/uploads\/2023\/05\/17.-Vocal-Laura-Ga-Caceres-EXTREMADURA-TEATRAL-500X500-300x300.jpg 300w, https:\/\/www.faeteda.org\/wp-content\/uploads\/2023\/05\/17.-Vocal-Laura-Ga-Caceres-EXTREMADURA-TEATRAL-500X500-150x150.jpg 150w, https:\/\/www.faeteda.org\/wp-content\/uploads\/2023\/05\/17.-Vocal-Laura-Ga-Caceres-EXTREMADURA-TEATRAL-500X500-66x66.jpg 66w, https:\/\/www.faeteda.org\/wp-content\/uploads\/2023\/05\/17.-Vocal-Laura-Ga-Caceres-EXTREMADURA-TEATRAL-500X500-200x200.jpg 200w, https:\/\/www.faeteda.org\/wp-content\/uploads\/2023\/05\/17.-Vocal-Laura-Ga-Caceres-EXTREMADURA-TEATRAL-500X500-400x400.jpg 400w\" sizes=\"auto, (max-width: 500px) 100vw, 500px\" \/><\/figure>\n<\/div>\n\n\n\n<p class=\"has-medium-font-size\" style=\"margin-top:0;margin-bottom:0;font-style:normal;font-weight:300\">Laura G\u00aa C\u00e1ceres<\/p>\n\n\n\n<p class=\"has-text-align-right has-small-font-size\" style=\"font-style:normal;font-weight:600;text-transform:uppercase\">Vocal<\/p>\n\n\n\n<p class=\"has-text-align-right has-small-font-size\">EXTREMADURA TEATRAL representative<\/p>\n<\/div>\n\n\n\n<div class=\"wp-block-group has-global-padding is-layout-constrained wp-container-core-group-is-layout-d63d2168 wp-block-group-is-layout-constrained\">\n<div class=\"wp-block-group has-global-padding is-layout-constrained wp-block-group-is-layout-constrained\" style=\"margin-top:var(--wp--preset--spacing--30);margin-bottom:var(--wp--preset--spacing--30)\">\n<figure class=\"wp-block-image size-full is-resized has-custom-border\"><img loading=\"lazy\" decoding=\"async\" width=\"500\" height=\"500\" src=\"http:\/\/www.faeteda.org\/wp-content\/uploads\/2021\/05\/Sara-Saez-Diaz.png\" alt=\"\" class=\"wp-image-45583\" style=\"border-top-left-radius:20px;border-top-right-radius:6px;border-bottom-left-radius:6px;border-bottom-right-radius:20px;object-fit:cover;width:180px;height:180px\" srcset=\"https:\/\/www.faeteda.org\/wp-content\/uploads\/2021\/05\/Sara-Saez-Diaz.png 500w, https:\/\/www.faeteda.org\/wp-content\/uploads\/2021\/05\/Sara-Saez-Diaz-300x300.png 300w, https:\/\/www.faeteda.org\/wp-content\/uploads\/2021\/05\/Sara-Saez-Diaz-150x150.png 150w, https:\/\/www.faeteda.org\/wp-content\/uploads\/2021\/05\/Sara-Saez-Diaz-66x66.png 66w, https:\/\/www.faeteda.org\/wp-content\/uploads\/2021\/05\/Sara-Saez-Diaz-200x200.png 200w, https:\/\/www.faeteda.org\/wp-content\/uploads\/2021\/05\/Sara-Saez-Diaz-400x400.png 400w\" sizes=\"auto, (max-width: 500px) 100vw, 500px\" \/><\/figure>\n<\/div>\n\n\n\n<p class=\"has-medium-font-size\" style=\"margin-top:0;margin-bottom:0;font-style:normal;font-weight:300\">Sara S\u00e1ez<\/p>\n\n\n\n<p class=\"has-text-align-right has-small-font-size\" style=\"font-style:normal;font-weight:600;text-transform:uppercase\">Vocal<\/p>\n\n\n\n<p class=\"has-text-align-right has-small-font-size\">MURCIA A ESCENA<br\/>representative<\/p>\n<\/div>\n\n\n\n<div class=\"wp-block-group has-global-padding is-layout-constrained wp-container-core-group-is-layout-d63d2168 wp-block-group-is-layout-constrained\">\n<div class=\"wp-block-group has-global-padding is-layout-constrained wp-block-group-is-layout-constrained\" style=\"margin-top:var(--wp--preset--spacing--30);margin-bottom:var(--wp--preset--spacing--30)\">\n<figure class=\"wp-block-image size-full is-resized has-custom-border\"><img loading=\"lazy\" decoding=\"async\" width=\"720\" height=\"491\" src=\"https:\/\/www.faeteda.org\/wp-content\/uploads\/2024\/06\/Anibal-Fernandez-Laespada.jpg\" alt=\"\" class=\"wp-image-70271\" style=\"border-top-left-radius:20px;border-top-right-radius:6px;border-bottom-left-radius:6px;border-bottom-right-radius:20px;object-fit:cover;width:180px;height:180px\" srcset=\"https:\/\/www.faeteda.org\/wp-content\/uploads\/2024\/06\/Anibal-Fernandez-Laespada.jpg 720w, https:\/\/www.faeteda.org\/wp-content\/uploads\/2024\/06\/Anibal-Fernandez-Laespada-300x205.jpg 300w\" sizes=\"auto, (max-width: 720px) 100vw, 720px\" \/><\/figure>\n<\/div>\n\n\n\n<p class=\"has-medium-font-size\" style=\"margin-top:0;margin-bottom:0;font-style:normal;font-weight:300;line-height:1\">Anibal Fern\u00e1ndez Laespada<\/p>\n\n\n\n<p class=\"has-text-align-right has-small-font-size\" style=\"font-style:normal;font-weight:600;text-transform:uppercase\">Vocal<\/p>\n\n\n\n<p class=\"has-text-align-right has-small-font-size\">AUNARTE representative<\/p>\n<\/div>\n\n\n\n<div class=\"wp-block-group has-global-padding is-layout-constrained wp-container-core-group-is-layout-d63d2168 wp-block-group-is-layout-constrained\">\n<div class=\"wp-block-group has-global-padding is-layout-constrained wp-block-group-is-layout-constrained\" style=\"margin-top:var(--wp--preset--spacing--30);margin-bottom:var(--wp--preset--spacing--30)\">\n<figure class=\"wp-block-image size-full is-resized has-custom-border\"><img loading=\"lazy\" decoding=\"async\" width=\"500\" height=\"500\" src=\"https:\/\/www.faeteda.org\/wp-content\/uploads\/2024\/10\/20.-Carmen-Gamez-PROTEJA-JAEN.jpg\" alt=\"\" class=\"wp-image-70995\" style=\"border-top-left-radius:20px;border-top-right-radius:6px;border-bottom-left-radius:6px;border-bottom-right-radius:20px;object-fit:cover;width:180px;height:180px\" srcset=\"https:\/\/www.faeteda.org\/wp-content\/uploads\/2024\/10\/20.-Carmen-Gamez-PROTEJA-JAEN.jpg 500w, https:\/\/www.faeteda.org\/wp-content\/uploads\/2024\/10\/20.-Carmen-Gamez-PROTEJA-JAEN-300x300.jpg 300w, https:\/\/www.faeteda.org\/wp-content\/uploads\/2024\/10\/20.-Carmen-Gamez-PROTEJA-JAEN-150x150.jpg 150w\" sizes=\"auto, (max-width: 500px) 100vw, 500px\" \/><\/figure>\n<\/div>\n\n\n\n<p class=\"has-medium-font-size\" style=\"margin-top:0;margin-bottom:0;font-style:normal;font-weight:300;line-height:1\">Carmen G\u00e1mez<\/p>\n\n\n\n<p class=\"has-text-align-right has-small-font-size\" style=\"font-style:normal;font-weight:600;text-transform:uppercase\">Vocal<\/p>\n\n\n\n<p class=\"has-text-align-right has-small-font-size\">PROTEJA JA\u00c9N representative<\/p>\n<\/div>\n\n\n\n<div class=\"wp-block-group has-global-padding is-layout-constrained wp-container-core-group-is-layout-d63d2168 wp-block-group-is-layout-constrained\"><\/div>\r\n\n\n\n<div class=\"wp-block-group has-global-padding is-layout-constrained wp-container-core-group-is-layout-d63d2168 wp-block-group-is-layout-constrained\"><\/div>\r\n<\/div>\n<\/div>\n","protected":false},"excerpt":{"rendered":"<p>Patricia Cercas Vocal ACEPAE representative S\u00f3nia Oliveira Vocal AESCENA representative Ana Extremiana Vocal AVED representative Luis Alija Vocal ESCENASTURIAS representative Patricia de Lorenzo Vocal ESCENA GALEGArepresentative Odei Domingo Mendiluce Vocal ESNA representative Laura G\u00aa C\u00e1ceres Vocal EXTREMADURA TEATRAL representative Sara S\u00e1ez Vocal MURCIA A ESCENArepresentative Anibal Fern\u00e1ndez Laespada Vocal AUNARTE representative Carmen G\u00e1mez Vocal PROTEJA [&hellip;]<\/p>\n","protected":false},"author":22,"featured_media":0,"parent":0,"menu_order":0,"comment_status":"closed","ping_status":"closed","template":"","meta":{"_acf_changed":false,"_editorskit_title_hidden":false,"_editorskit_reading_time":0,"_editorskit_is_block_options_detached":false,"_editorskit_block_options_position":"{}","footnotes":""},"class_list":["post-58677","page","type-page","status-publish","hentry"],"acf":[],"yoast_head":"<!-- This site is optimized with the Yoast SEO plugin v27.4 - https:\/\/yoast.com\/product\/yoast-seo-wordpress\/ -->\n<title>Assembly - Faeteda<\/title>\n<meta name=\"robots\" content=\"index, follow, max-snippet:-1, max-image-preview:large, max-video-preview:-1\" \/>\n<link rel=\"canonical\" href=\"https:\/\/www.faeteda.org\/en\/assembly\/\" \/>\n<meta property=\"og:locale\" content=\"en_US\" \/>\n<meta property=\"og:type\" content=\"article\" \/>\n<meta property=\"og:title\" content=\"Assembly - Faeteda\" \/>\n<meta property=\"og:description\" content=\"Patricia Cercas Vocal ACEPAE representative S\u00f3nia Oliveira Vocal AESCENA representative Ana Extremiana Vocal AVED representative Luis Alija Vocal ESCENASTURIAS representative Patricia de Lorenzo Vocal ESCENA GALEGArepresentative Odei Domingo Mendiluce Vocal ESNA representative Laura G\u00aa C\u00e1ceres Vocal EXTREMADURA TEATRAL representative Sara S\u00e1ez Vocal MURCIA A ESCENArepresentative Anibal Fern\u00e1ndez Laespada Vocal AUNARTE representative Carmen G\u00e1mez Vocal PROTEJA [&hellip;]\" \/>\n<meta property=\"og:url\" content=\"https:\/\/www.faeteda.org\/en\/assembly\/\" \/>\n<meta property=\"og:site_name\" content=\"Faeteda\" \/>\n<meta property=\"article:modified_time\" content=\"2024-10-30T15:02:05+00:00\" \/>\n<meta property=\"og:image\" content=\"https:\/\/www.faeteda.org\/wp-content\/uploads\/2020\/02\/Patricia-Cercas-500x500-1.jpg\" \/>\n\t<meta property=\"og:image:width\" content=\"500\" \/>\n\t<meta property=\"og:image:height\" content=\"500\" \/>\n\t<meta property=\"og:image:type\" content=\"image\/jpeg\" \/>\n<meta name=\"twitter:card\" content=\"summary_large_image\" \/>\n<meta name=\"twitter:label1\" content=\"Est. reading time\" \/>\n\t<meta name=\"twitter:data1\" content=\"3 minutes\" \/>\n<script type=\"application\/ld+json\" class=\"yoast-schema-graph\">{\"@context\":\"https:\\\/\\\/schema.org\",\"@graph\":[{\"@type\":\"WebPage\",\"@id\":\"https:\\\/\\\/www.faeteda.org\\\/en\\\/assembly\\\/\",\"url\":\"https:\\\/\\\/www.faeteda.org\\\/en\\\/assembly\\\/\",\"name\":\"Assembly - Faeteda\",\"isPartOf\":{\"@id\":\"http:\\\/\\\/www.faeteda.org\\\/en\\\/#website\"},\"primaryImageOfPage\":{\"@id\":\"https:\\\/\\\/www.faeteda.org\\\/en\\\/assembly\\\/#primaryimage\"},\"image\":{\"@id\":\"https:\\\/\\\/www.faeteda.org\\\/en\\\/assembly\\\/#primaryimage\"},\"thumbnailUrl\":\"http:\\\/\\\/www.faeteda.org\\\/wp-content\\\/uploads\\\/2020\\\/02\\\/Patricia-Cercas-500x500-1.jpg\",\"datePublished\":\"2024-02-29T14:41:14+00:00\",\"dateModified\":\"2024-10-30T15:02:05+00:00\",\"breadcrumb\":{\"@id\":\"https:\\\/\\\/www.faeteda.org\\\/en\\\/assembly\\\/#breadcrumb\"},\"inLanguage\":\"en-US\",\"potentialAction\":[{\"@type\":\"ReadAction\",\"target\":[\"https:\\\/\\\/www.faeteda.org\\\/en\\\/assembly\\\/\"]}]},{\"@type\":\"ImageObject\",\"inLanguage\":\"en-US\",\"@id\":\"https:\\\/\\\/www.faeteda.org\\\/en\\\/assembly\\\/#primaryimage\",\"url\":\"http:\\\/\\\/www.faeteda.org\\\/wp-content\\\/uploads\\\/2020\\\/02\\\/Patricia-Cercas-500x500-1.jpg\",\"contentUrl\":\"http:\\\/\\\/www.faeteda.org\\\/wp-content\\\/uploads\\\/2020\\\/02\\\/Patricia-Cercas-500x500-1.jpg\"},{\"@type\":\"BreadcrumbList\",\"@id\":\"https:\\\/\\\/www.faeteda.org\\\/en\\\/assembly\\\/#breadcrumb\",\"itemListElement\":[{\"@type\":\"ListItem\",\"position\":1,\"name\":\"Portada\",\"item\":\"https:\\\/\\\/www.faeteda.org\\\/en\\\/portada\\\/\"},{\"@type\":\"ListItem\",\"position\":2,\"name\":\"Assembly\"}]},{\"@type\":\"WebSite\",\"@id\":\"http:\\\/\\\/www.faeteda.org\\\/en\\\/#website\",\"url\":\"http:\\\/\\\/www.faeteda.org\\\/en\\\/\",\"name\":\"Faeteda\",\"description\":\"Federaci\u00f3n Estatal de Asociaciones de Empresas de Teatro y Danza\",\"potentialAction\":[{\"@type\":\"SearchAction\",\"target\":{\"@type\":\"EntryPoint\",\"urlTemplate\":\"http:\\\/\\\/www.faeteda.org\\\/en\\\/?s={search_term_string}\"},\"query-input\":{\"@type\":\"PropertyValueSpecification\",\"valueRequired\":true,\"valueName\":\"search_term_string\"}}],\"inLanguage\":\"en-US\"}]}<\/script>\n<!-- \/ Yoast SEO plugin. -->","yoast_head_json":{"title":"Assembly - Faeteda","robots":{"index":"index","follow":"follow","max-snippet":"max-snippet:-1","max-image-preview":"max-image-preview:large","max-video-preview":"max-video-preview:-1"},"canonical":"https:\/\/www.faeteda.org\/en\/assembly\/","og_locale":"en_US","og_type":"article","og_title":"Assembly - Faeteda","og_description":"Patricia Cercas Vocal ACEPAE representative S\u00f3nia Oliveira Vocal AESCENA representative Ana Extremiana Vocal AVED representative Luis Alija Vocal ESCENASTURIAS representative Patricia de Lorenzo Vocal ESCENA GALEGArepresentative Odei Domingo Mendiluce Vocal ESNA representative Laura G\u00aa C\u00e1ceres Vocal EXTREMADURA TEATRAL representative Sara S\u00e1ez Vocal MURCIA A ESCENArepresentative Anibal Fern\u00e1ndez Laespada Vocal AUNARTE representative Carmen G\u00e1mez Vocal PROTEJA [&hellip;]","og_url":"https:\/\/www.faeteda.org\/en\/assembly\/","og_site_name":"Faeteda","article_modified_time":"2024-10-30T15:02:05+00:00","og_image":[{"width":500,"height":500,"url":"https:\/\/www.faeteda.org\/wp-content\/uploads\/2020\/02\/Patricia-Cercas-500x500-1.jpg","type":"image\/jpeg"}],"twitter_card":"summary_large_image","twitter_misc":{"Est. reading time":"3 minutes"},"schema":{"@context":"https:\/\/schema.org","@graph":[{"@type":"WebPage","@id":"https:\/\/www.faeteda.org\/en\/assembly\/","url":"https:\/\/www.faeteda.org\/en\/assembly\/","name":"Assembly - Faeteda","isPartOf":{"@id":"http:\/\/www.faeteda.org\/en\/#website"},"primaryImageOfPage":{"@id":"https:\/\/www.faeteda.org\/en\/assembly\/#primaryimage"},"image":{"@id":"https:\/\/www.faeteda.org\/en\/assembly\/#primaryimage"},"thumbnailUrl":"http:\/\/www.faeteda.org\/wp-content\/uploads\/2020\/02\/Patricia-Cercas-500x500-1.jpg","datePublished":"2024-02-29T14:41:14+00:00","dateModified":"2024-10-30T15:02:05+00:00","breadcrumb":{"@id":"https:\/\/www.faeteda.org\/en\/assembly\/#breadcrumb"},"inLanguage":"en-US","potentialAction":[{"@type":"ReadAction","target":["https:\/\/www.faeteda.org\/en\/assembly\/"]}]},{"@type":"ImageObject","inLanguage":"en-US","@id":"https:\/\/www.faeteda.org\/en\/assembly\/#primaryimage","url":"http:\/\/www.faeteda.org\/wp-content\/uploads\/2020\/02\/Patricia-Cercas-500x500-1.jpg","contentUrl":"http:\/\/www.faeteda.org\/wp-content\/uploads\/2020\/02\/Patricia-Cercas-500x500-1.jpg"},{"@type":"BreadcrumbList","@id":"https:\/\/www.faeteda.org\/en\/assembly\/#breadcrumb","itemListElement":[{"@type":"ListItem","position":1,"name":"Portada","item":"https:\/\/www.faeteda.org\/en\/portada\/"},{"@type":"ListItem","position":2,"name":"Assembly"}]},{"@type":"WebSite","@id":"http:\/\/www.faeteda.org\/en\/#website","url":"http:\/\/www.faeteda.org\/en\/","name":"Faeteda","description":"Federaci\u00f3n Estatal de Asociaciones de Empresas de Teatro y Danza","potentialAction":[{"@type":"SearchAction","target":{"@type":"EntryPoint","urlTemplate":"http:\/\/www.faeteda.org\/en\/?s={search_term_string}"},"query-input":{"@type":"PropertyValueSpecification","valueRequired":true,"valueName":"search_term_string"}}],"inLanguage":"en-US"}]}},"_links":{"self":[{"href":"https:\/\/www.faeteda.org\/en\/wp-json\/wp\/v2\/pages\/58677","targetHints":{"allow":["GET"]}}],"collection":[{"href":"https:\/\/www.faeteda.org\/en\/wp-json\/wp\/v2\/pages"}],"about":[{"href":"https:\/\/www.faeteda.org\/en\/wp-json\/wp\/v2\/types\/page"}],"author":[{"embeddable":true,"href":"https:\/\/www.faeteda.org\/en\/wp-json\/wp\/v2\/users\/22"}],"replies":[{"embeddable":true,"href":"https:\/\/www.faeteda.org\/en\/wp-json\/wp\/v2\/comments?post=58677"}],"version-history":[{"count":0,"href":"https:\/\/www.faeteda.org\/en\/wp-json\/wp\/v2\/pages\/58677\/revisions"}],"wp:attachment":[{"href":"https:\/\/www.faeteda.org\/en\/wp-json\/wp\/v2\/media?parent=58677"}],"curies":[{"name":"wp","href":"https:\/\/api.w.org\/{rel}","templated":true}]}}